{"id":893,"date":"2024-05-06T20:00:45","date_gmt":"2024-05-06T20:00:45","guid":{"rendered":"https:\/\/pharmaciemtl.com\/?page_id=893"},"modified":"2024-05-24T14:53:19","modified_gmt":"2024-05-24T14:53:19","slug":"loi-25","status":"publish","type":"page","link":"https:\/\/pharmaciemtl.com\/fr\/loi-25\/","title":{"rendered":"Loi 25"},"content":{"rendered":"\t\t<div data-elementor-type=\"wp-page\" data-elementor-id=\"893\" class=\"elementor elementor-893 elementor-892\">\n\t\t\t\t\t\t<section class=\"elementor-section elementor-top-section elementor-element elementor-element-33a8593 elementor-section-boxed elementor-section-height-default elementor-section-height-default\" data-id=\"33a8593\" data-element_type=\"section\" data-settings=\"{&quot;jet_parallax_layout_list&quot;:[{&quot;jet_parallax_layout_image&quot;:{&quot;url&quot;:&quot;&quot;,&quot;id&quot;:&quot;&quot;,&quot;size&quot;:&quot;&quot;},&quot;_id&quot;:&quot;a86dfdb&quot;,&quot;jet_parallax_layout_speed&quot;:{&quot;unit&quot;:&quot;%&quot;,&quot;size&quot;:&quot;50&quot;,&quot;sizes&quot;:[]},&quot;jet_parallax_layout_bg_x&quot;:&quot;50&quot;,&quot;jet_parallax_layout_bg_y&quot;:&quot;50&quot;,&quot;jet_parallax_layout_image_tablet&quot;:{&quot;url&quot;:&quot;&quot;,&quot;id&quot;:&quot;&quot;,&quot;size&quot;:&quot;&quot;},&quot;jet_parallax_layout_image_mobile&quot;:{&quot;url&quot;:&quot;&quot;,&quot;id&quot;:&quot;&quot;,&quot;size&quot;:&quot;&quot;},&quot;jet_parallax_layout_type&quot;:&quot;scroll&quot;,&quot;jet_parallax_layout_direction&quot;:null,&quot;jet_parallax_layout_fx_direction&quot;:null,&quot;jet_parallax_layout_z_index&quot;:&quot;&quot;,&quot;jet_parallax_layout_bg_x_tablet&quot;:&quot;&quot;,&quot;jet_parallax_layout_bg_x_mobile&quot;:&quot;&quot;,&quot;jet_parallax_layout_bg_y_tablet&quot;:&quot;&quot;,&quot;jet_parallax_layout_bg_y_mobile&quot;:&quot;&quot;,&quot;jet_parallax_layout_bg_size&quot;:&quot;auto&quot;,&quot;jet_parallax_layout_bg_size_tablet&quot;:&quot;&quot;,&quot;jet_parallax_layout_bg_size_mobile&quot;:&quot;&quot;,&quot;jet_parallax_layout_animation_prop&quot;:&quot;transform&quot;,&quot;jet_parallax_layout_on&quot;:[&quot;desktop&quot;,&quot;tablet&quot;]}],&quot;background_background&quot;:&quot;classic&quot;}\">\n\t\t\t\t\t\t<div class=\"elementor-container elementor-column-gap-no\">\n\t\t\t\t\t<div class=\"elementor-column elementor-col-100 elementor-top-column elementor-element elementor-element-b4d8206\" data-id=\"b4d8206\" data-element_type=\"column\">\n\t\t\t<div class=\"elementor-widget-wrap elementor-element-populated\">\n\t\t\t\t\t\t<div class=\"elementor-element elementor-element-6b247dd elementor-widget elementor-widget-heading\" data-id=\"6b247dd\" data-element_type=\"widget\" data-widget_type=\"heading.default\">\n\t\t\t\t<div class=\"elementor-widget-container\">\n\t\t\t<h1 class=\"elementor-heading-title elementor-size-default\">Loi 25<\/h1>\t\t<\/div>\n\t\t\t\t<\/div>\n\t\t\t\t\t<\/div>\n\t\t<\/div>\n\t\t\t\t\t<\/div>\n\t\t<\/section>\n\t\t\t\t<section class=\"elementor-section elementor-top-section elementor-element elementor-element-5c31070 elementor-section-boxed elementor-section-height-default elementor-section-height-default\" data-id=\"5c31070\" data-element_type=\"section\" data-settings=\"{&quot;jet_parallax_layout_list&quot;:[{&quot;jet_parallax_layout_image&quot;:{&quot;url&quot;:&quot;&quot;,&quot;id&quot;:&quot;&quot;,&quot;size&quot;:&quot;&quot;},&quot;_id&quot;:&quot;927b234&quot;,&quot;jet_parallax_layout_speed&quot;:{&quot;unit&quot;:&quot;%&quot;,&quot;size&quot;:&quot;50&quot;,&quot;sizes&quot;:[]},&quot;jet_parallax_layout_bg_x&quot;:&quot;50&quot;,&quot;jet_parallax_layout_bg_y&quot;:&quot;50&quot;,&quot;jet_parallax_layout_image_tablet&quot;:{&quot;url&quot;:&quot;&quot;,&quot;id&quot;:&quot;&quot;,&quot;size&quot;:&quot;&quot;},&quot;jet_parallax_layout_image_mobile&quot;:{&quot;url&quot;:&quot;&quot;,&quot;id&quot;:&quot;&quot;,&quot;size&quot;:&quot;&quot;},&quot;jet_parallax_layout_type&quot;:&quot;scroll&quot;,&quot;jet_parallax_layout_direction&quot;:null,&quot;jet_parallax_layout_fx_direction&quot;:null,&quot;jet_parallax_layout_z_index&quot;:&quot;&quot;,&quot;jet_parallax_layout_bg_x_tablet&quot;:&quot;&quot;,&quot;jet_parallax_layout_bg_x_mobile&quot;:&quot;&quot;,&quot;jet_parallax_layout_bg_y_tablet&quot;:&quot;&quot;,&quot;jet_parallax_layout_bg_y_mobile&quot;:&quot;&quot;,&quot;jet_parallax_layout_bg_size&quot;:&quot;auto&quot;,&quot;jet_parallax_layout_bg_size_tablet&quot;:&quot;&quot;,&quot;jet_parallax_layout_bg_size_mobile&quot;:&quot;&quot;,&quot;jet_parallax_layout_animation_prop&quot;:&quot;transform&quot;,&quot;jet_parallax_layout_on&quot;:[&quot;desktop&quot;,&quot;tablet&quot;]}]}\">\n\t\t\t\t\t\t<div class=\"elementor-container elementor-column-gap-no\">\n\t\t\t\t\t<div class=\"elementor-column elementor-col-100 elementor-top-column elementor-element elementor-element-686a834\" data-id=\"686a834\" data-element_type=\"column\">\n\t\t\t<div class=\"elementor-widget-wrap elementor-element-populated\">\n\t\t\t\t\t\t<div class=\"elementor-element elementor-element-b25cc53 elementor-widget elementor-widget-heading\" data-id=\"b25cc53\" data-element_type=\"widget\" data-widget_type=\"heading.default\">\n\t\t\t\t<div class=\"elementor-widget-container\">\n\t\t\t<h2 class=\"elementor-heading-title elementor-size-default\">Responsable de la protection des donn\u00e9es personnelles \n\n<\/h2>\t\t<\/div>\n\t\t\t\t<\/div>\n\t\t\t\t<div class=\"elementor-element elementor-element-12f033d elementor-align-left elementor-widget elementor-widget-raven-divider\" data-id=\"12f033d\" data-element_type=\"widget\" data-widget_type=\"raven-divider.default\">\n\t\t\t\t<div class=\"elementor-widget-container\">\n\t\t\t\t\t<div class=\"raven-widget-wrapper\">\n\t\t\t<div class=\"raven-divider\">\n\t\t\t\t<span class=\"raven-divider-line raven-divider-solid\"><\/span>\n\t\t\t<\/div>\n\t\t<\/div>\n\t\t\t\t<\/div>\n\t\t\t\t<\/div>\n\t\t\t\t<div class=\"elementor-element elementor-element-8479e4f elementor-widget elementor-widget-text-editor\" data-id=\"8479e4f\" data-element_type=\"widget\" data-widget_type=\"text-editor.default\">\n\t\t\t\t<div class=\"elementor-widget-container\">\n\t\t\t\t\t\t\t<p dir=\"ltr\">Pharmacie Berge Shater\u00a0s\u2019engage \u00e0 mettre en \u0153uvre les mesures n\u00e9cessaires pour prot\u00e9ger les informations personnelles de ses employ\u00e9s et clients, qui pourraient permettre de les identifier directement ou indirectement, conform\u00e9ment \u00e0 la nouvelle l\u00e9gislation sur la protection des donn\u00e9es.\u00a0\u00a0<\/p><p>Tout employ\u00e9 ou client qui constate un risque concernant la protection des informations personnelles ou le maintien de la confidentialit\u00e9 est invit\u00e9 \u00e0 le signaler \u00e0 notre responsable d\u00e9sign\u00e9 pour la protection des informations personnelles :<\/p><p dir=\"ltr\">Berge Shater<br \/><a href=\"mailto:pharmacie4177@gmail.com\">pharmacie4177@gmail.com<\/a><\/p><p dir=\"ltr\">Un m\u00e9canisme est en place pour traiter de mani\u00e8re ad\u00e9quate les incidents ou les plaintes li\u00e9s \u00e0 la protection des informations personnelles. En outre, nous nous engageons \u00e0 respecter les nouvelles r\u00e8gles relatives au consentement \u00e0 la collecte, \u00e0 la communication ou \u00e0 l\u2019utilisation des informations personnelles.\u00a0<\/p>\t\t\t\t\t\t<\/div>\n\t\t\t\t<\/div>\n\t\t\t\t\t<\/div>\n\t\t<\/div>\n\t\t\t\t\t<\/div>\n\t\t<\/section>\n\t\t\t\t<\/div>\n\t\t","protected":false},"excerpt":{"rendered":"<p>Loi 25 Responsable de la protection des donn\u00e9es personnelles Pharmacie Berge Shater\u00a0s\u2019engage \u00e0 mettre en \u0153uvre les mesures n\u00e9cessaires pour prot\u00e9ger les informations personnelles de ses employ\u00e9s et clients, qui pourraient permettre de les identifier directement ou indirectement, conform\u00e9ment \u00e0 la nouvelle l\u00e9gislation sur la protection des donn\u00e9es.\u00a0\u00a0 Tout employ\u00e9 ou client qui constate un [&hellip;]<\/p>\n","protected":false},"author":1,"featured_media":0,"parent":0,"menu_order":0,"comment_status":"closed","ping_status":"closed","template":"full-width.php","meta":{"_acf_changed":false,"footnotes":""},"class_list":["post-893","page","type-page","status-publish","hentry"],"acf":[],"yoast_head":"<!-- This site is optimized with the Yoast SEO plugin v23.0 - https:\/\/yoast.com\/wordpress\/plugins\/seo\/ -->\n<title>Loi 25 - Pharmacie Berge Shater<\/title>\n<meta name=\"description\" content=\"Responsable de la protection des donn\u00e9es personnelles\" \/>\n<meta name=\"robots\" content=\"index, follow, max-snippet:-1, max-image-preview:large, max-video-preview:-1\" \/>\n<link rel=\"canonical\" href=\"https:\/\/pharmaciemtl.com\/law-25\/\" \/>\n<meta property=\"og:locale\" content=\"fr_FR\" \/>\n<meta property=\"og:type\" content=\"article\" \/>\n<meta property=\"og:title\" content=\"Loi 25 - Pharmacie Berge Shater\" \/>\n<meta property=\"og:description\" content=\"Responsable de la protection des donn\u00e9es personnelles\" \/>\n<meta property=\"og:url\" content=\"https:\/\/pharmaciemtl.com\/law-25\/\" \/>\n<meta property=\"og:site_name\" content=\"Pharmacie Berge Shater\" \/>\n<meta property=\"article:modified_time\" content=\"2024-05-24T14:53:19+00:00\" \/>\n<meta property=\"og:image\" content=\"https:\/\/pharmaciemtl.com\/wp-content\/uploads\/2021\/07\/pharmacie-berge-shater.jpg\" \/>\n\t<meta property=\"og:image:width\" content=\"700\" \/>\n\t<meta property=\"og:image:height\" content=\"700\" \/>\n\t<meta property=\"og:image:type\" content=\"image\/jpeg\" \/>\n<meta name=\"twitter:card\" content=\"summary_large_image\" \/>\n<script type=\"application\/ld+json\" class=\"yoast-schema-graph\">{\"@context\":\"https:\/\/schema.org\",\"@graph\":[{\"@type\":\"WebPage\",\"@id\":\"https:\/\/pharmaciemtl.com\/law-25\/\",\"url\":\"https:\/\/pharmaciemtl.com\/law-25\/\",\"name\":\"Loi 25 - Pharmacie Berge Shater\",\"isPartOf\":{\"@id\":\"https:\/\/pharmaciemtl.com\/#website\"},\"datePublished\":\"2024-05-06T20:00:45+00:00\",\"dateModified\":\"2024-05-24T14:53:19+00:00\",\"description\":\"Responsable de la protection des donn\u00e9es personnelles\",\"breadcrumb\":{\"@id\":\"https:\/\/pharmaciemtl.com\/law-25\/#breadcrumb\"},\"inLanguage\":\"fr-FR\",\"potentialAction\":[{\"@type\":\"ReadAction\",\"target\":[\"https:\/\/pharmaciemtl.com\/law-25\/\"]}]},{\"@type\":\"BreadcrumbList\",\"@id\":\"https:\/\/pharmaciemtl.com\/law-25\/#breadcrumb\",\"itemListElement\":[{\"@type\":\"ListItem\",\"position\":1,\"name\":\"Home\",\"item\":\"https:\/\/pharmaciemtl.com\/fr\/\"},{\"@type\":\"ListItem\",\"position\":2,\"name\":\"Loi 25\"}]},{\"@type\":\"WebSite\",\"@id\":\"https:\/\/pharmaciemtl.com\/#website\",\"url\":\"https:\/\/pharmaciemtl.com\/\",\"name\":\"Pharmacie Berge Shater\",\"description\":\"Personalized service for the whole family\",\"publisher\":{\"@id\":\"https:\/\/pharmaciemtl.com\/#organization\"},\"potentialAction\":[{\"@type\":\"SearchAction\",\"target\":{\"@type\":\"EntryPoint\",\"urlTemplate\":\"https:\/\/pharmaciemtl.com\/?s={search_term_string}\"},\"query-input\":\"required name=search_term_string\"}],\"inLanguage\":\"fr-FR\"},{\"@type\":\"Organization\",\"@id\":\"https:\/\/pharmaciemtl.com\/#organization\",\"name\":\"Pharmacie Berge Shater\",\"url\":\"https:\/\/pharmaciemtl.com\/\",\"logo\":{\"@type\":\"ImageObject\",\"inLanguage\":\"fr-FR\",\"@id\":\"https:\/\/pharmaciemtl.com\/#\/schema\/logo\/image\/\",\"url\":\"https:\/\/pharmaciemtl.com\/wp-content\/uploads\/2021\/05\/logo.png\",\"contentUrl\":\"https:\/\/pharmaciemtl.com\/wp-content\/uploads\/2021\/05\/logo.png\",\"width\":1251,\"height\":513,\"caption\":\"Pharmacie Berge Shater\"},\"image\":{\"@id\":\"https:\/\/pharmaciemtl.com\/#\/schema\/logo\/image\/\"}}]}<\/script>\n<!-- \/ Yoast SEO plugin. -->","yoast_head_json":{"title":"Loi 25 - Pharmacie Berge Shater","description":"Responsable de la protection des donn\u00e9es personnelles","robots":{"index":"index","follow":"follow","max-snippet":"max-snippet:-1","max-image-preview":"max-image-preview:large","max-video-preview":"max-video-preview:-1"},"canonical":"https:\/\/pharmaciemtl.com\/law-25\/","og_locale":"fr_FR","og_type":"article","og_title":"Loi 25 - Pharmacie Berge Shater","og_description":"Responsable de la protection des donn\u00e9es personnelles","og_url":"https:\/\/pharmaciemtl.com\/law-25\/","og_site_name":"Pharmacie Berge Shater","article_modified_time":"2024-05-24T14:53:19+00:00","og_image":[{"width":700,"height":700,"url":"https:\/\/pharmaciemtl.com\/wp-content\/uploads\/2021\/07\/pharmacie-berge-shater.jpg","type":"image\/jpeg"}],"twitter_card":"summary_large_image","schema":{"@context":"https:\/\/schema.org","@graph":[{"@type":"WebPage","@id":"https:\/\/pharmaciemtl.com\/law-25\/","url":"https:\/\/pharmaciemtl.com\/law-25\/","name":"Loi 25 - Pharmacie Berge Shater","isPartOf":{"@id":"https:\/\/pharmaciemtl.com\/#website"},"datePublished":"2024-05-06T20:00:45+00:00","dateModified":"2024-05-24T14:53:19+00:00","description":"Responsable de la protection des donn\u00e9es personnelles","breadcrumb":{"@id":"https:\/\/pharmaciemtl.com\/law-25\/#breadcrumb"},"inLanguage":"fr-FR","potentialAction":[{"@type":"ReadAction","target":["https:\/\/pharmaciemtl.com\/law-25\/"]}]},{"@type":"BreadcrumbList","@id":"https:\/\/pharmaciemtl.com\/law-25\/#breadcrumb","itemListElement":[{"@type":"ListItem","position":1,"name":"Home","item":"https:\/\/pharmaciemtl.com\/fr\/"},{"@type":"ListItem","position":2,"name":"Loi 25"}]},{"@type":"WebSite","@id":"https:\/\/pharmaciemtl.com\/#website","url":"https:\/\/pharmaciemtl.com\/","name":"Pharmacie Berge Shater","description":"Personalized service for the whole family","publisher":{"@id":"https:\/\/pharmaciemtl.com\/#organization"},"potentialAction":[{"@type":"SearchAction","target":{"@type":"EntryPoint","urlTemplate":"https:\/\/pharmaciemtl.com\/?s={search_term_string}"},"query-input":"required name=search_term_string"}],"inLanguage":"fr-FR"},{"@type":"Organization","@id":"https:\/\/pharmaciemtl.com\/#organization","name":"Pharmacie Berge Shater","url":"https:\/\/pharmaciemtl.com\/","logo":{"@type":"ImageObject","inLanguage":"fr-FR","@id":"https:\/\/pharmaciemtl.com\/#\/schema\/logo\/image\/","url":"https:\/\/pharmaciemtl.com\/wp-content\/uploads\/2021\/05\/logo.png","contentUrl":"https:\/\/pharmaciemtl.com\/wp-content\/uploads\/2021\/05\/logo.png","width":1251,"height":513,"caption":"Pharmacie Berge Shater"},"image":{"@id":"https:\/\/pharmaciemtl.com\/#\/schema\/logo\/image\/"}}]}},"_links":{"self":[{"href":"https:\/\/pharmaciemtl.com\/fr\/wp-json\/wp\/v2\/pages\/893","targetHints":{"allow":["GET"]}}],"collection":[{"href":"https:\/\/pharmaciemtl.com\/fr\/wp-json\/wp\/v2\/pages"}],"about":[{"href":"https:\/\/pharmaciemtl.com\/fr\/wp-json\/wp\/v2\/types\/page"}],"author":[{"embeddable":true,"href":"https:\/\/pharmaciemtl.com\/fr\/wp-json\/wp\/v2\/users\/1"}],"replies":[{"embeddable":true,"href":"https:\/\/pharmaciemtl.com\/fr\/wp-json\/wp\/v2\/comments?post=893"}],"version-history":[{"count":8,"href":"https:\/\/pharmaciemtl.com\/fr\/wp-json\/wp\/v2\/pages\/893\/revisions"}],"predecessor-version":[{"id":916,"href":"https:\/\/pharmaciemtl.com\/fr\/wp-json\/wp\/v2\/pages\/893\/revisions\/916"}],"wp:attachment":[{"href":"https:\/\/pharmaciemtl.com\/fr\/wp-json\/wp\/v2\/media?parent=893"}],"curies":[{"name":"wp","href":"https:\/\/api.w.org\/{rel}","templated":true}]}}