{"id":931,"date":"2024-07-15T15:01:21","date_gmt":"2024-07-15T15:01:21","guid":{"rendered":"https:\/\/pharmaciemtl.com\/?page_id=931"},"modified":"2024-07-17T19:34:50","modified_gmt":"2024-07-17T19:34:50","slug":"test-de-depistage-du-streptocoque-avec-possibilite-de-prescription-dantibiotiques","status":"publish","type":"page","link":"https:\/\/pharmaciemtl.com\/fr\/test-de-depistage-du-streptocoque-avec-possibilite-de-prescription-dantibiotiques\/","title":{"rendered":"Test de d\u00e9pistage du streptocoque avec possibilit\u00e9 de prescription d&rsquo;antibiotiques"},"content":{"rendered":"\t\t<div data-elementor-type=\"wp-page\" data-elementor-id=\"931\" class=\"elementor elementor-931 elementor-930\">\n\t\t\t\t\t\t<section class=\"elementor-section elementor-top-section elementor-element elementor-element-6099cd1 elementor-section-full_width elementor-section-stretched elementor-section-height-default elementor-section-height-default\" data-id=\"6099cd1\" data-element_type=\"section\" data-settings=\"{&quot;jet_parallax_layout_list&quot;:[{&quot;jet_parallax_layout_image&quot;:{&quot;url&quot;:&quot;&quot;,&quot;id&quot;:&quot;&quot;,&quot;size&quot;:&quot;&quot;},&quot;_id&quot;:&quot;f556e92&quot;,&quot;jet_parallax_layout_speed&quot;:{&quot;unit&quot;:&quot;%&quot;,&quot;size&quot;:&quot;50&quot;,&quot;sizes&quot;:[]},&quot;jet_parallax_layout_bg_x&quot;:&quot;50&quot;,&quot;jet_parallax_layout_bg_y&quot;:&quot;50&quot;,&quot;jet_parallax_layout_image_tablet&quot;:{&quot;url&quot;:&quot;&quot;,&quot;id&quot;:&quot;&quot;,&quot;size&quot;:&quot;&quot;},&quot;jet_parallax_layout_image_mobile&quot;:{&quot;url&quot;:&quot;&quot;,&quot;id&quot;:&quot;&quot;,&quot;size&quot;:&quot;&quot;},&quot;jet_parallax_layout_type&quot;:&quot;scroll&quot;,&quot;jet_parallax_layout_direction&quot;:null,&quot;jet_parallax_layout_fx_direction&quot;:null,&quot;jet_parallax_layout_z_index&quot;:&quot;&quot;,&quot;jet_parallax_layout_bg_x_tablet&quot;:&quot;&quot;,&quot;jet_parallax_layout_bg_x_mobile&quot;:&quot;&quot;,&quot;jet_parallax_layout_bg_y_tablet&quot;:&quot;&quot;,&quot;jet_parallax_layout_bg_y_mobile&quot;:&quot;&quot;,&quot;jet_parallax_layout_bg_size&quot;:&quot;auto&quot;,&quot;jet_parallax_layout_bg_size_tablet&quot;:&quot;&quot;,&quot;jet_parallax_layout_bg_size_mobile&quot;:&quot;&quot;,&quot;jet_parallax_layout_animation_prop&quot;:&quot;transform&quot;,&quot;jet_parallax_layout_on&quot;:[&quot;desktop&quot;,&quot;tablet&quot;]}],&quot;background_background&quot;:&quot;classic&quot;,&quot;stretch_section&quot;:&quot;section-stretched&quot;}\">\n\t\t\t\t\t\t\t<div class=\"elementor-background-overlay\"><\/div>\n\t\t\t\t\t\t\t<div class=\"elementor-container elementor-column-gap-no\">\n\t\t\t\t\t<div class=\"elementor-column elementor-col-100 elementor-top-column elementor-element elementor-element-b9d2316\" data-id=\"b9d2316\" data-element_type=\"column\">\n\t\t\t<div class=\"elementor-widget-wrap elementor-element-populated\">\n\t\t\t\t\t\t<div class=\"elementor-element elementor-element-c9df542 elementor-widget elementor-widget-slider_revolution\" data-id=\"c9df542\" data-element_type=\"widget\" data-widget_type=\"slider_revolution.default\">\n\t\t\t\t<div class=\"elementor-widget-container\">\n\t\t\t\n\t\t<div class=\"wp-block-themepunch-revslider\">\n\t\t\t<!-- START Rapid Strep Test REVOLUTION SLIDER 6.7.14 --><p class=\"rs-p-wp-fix\"><\/p>\n\t\t\t<rs-module-wrap id=\"rev_slider_5_1_wrapper\" data-source=\"gallery\" style=\"visibility:hidden;background:transparent;padding:0;margin:0px auto;margin-top:0;margin-bottom:0;\">\n\t\t\t\t<rs-module id=\"rev_slider_5_1\" style=\"\" data-version=\"6.7.14\">\n\t\t\t\t\t<rs-slides style=\"overflow: hidden; position: absolute;\">\n\t\t\t\t\t\t<rs-slide style=\"position: absolute;\" data-key=\"rs-25\" data-title=\"Slide\" data-duration=\"5000ms\" data-anim=\"adpr:false;\" data-in=\"o:0;\" data-out=\"a:false;\">\n\t\t\t\t\t\t\t<img fetchpriority=\"high\" decoding=\"async\" src=\"\/\/pharmaciemtl.com\/wp-content\/plugins\/revslider\/sr6\/assets\/assets\/dummy.png\" alt=\"\" title=\"banner-strep-test\" width=\"849\" height=\"855\" class=\"rev-slidebg tp-rs-img rs-lazyload\" data-lazyload=\"\/\/pharmaciemtl.com\/wp-content\/uploads\/2024\/07\/banner-strep-test.png\" data-bg=\"p:right center;f:contain;\" data-no-retina>\n<!--\n\t\t\t\t\t\t\t--><rs-layer\n\t\t\t\t\t\t\t\tid=\"slider-5-slide-25-layer-0\" \n\t\t\t\t\t\t\t\tdata-type=\"text\"\n\t\t\t\t\t\t\t\tdata-color=\"#0c0c0c\"\n\t\t\t\t\t\t\t\tdata-rsp_ch=\"on\"\n\t\t\t\t\t\t\t\tdata-xy=\"xo:50px,41px,31px,19px;y:m;\"\n\t\t\t\t\t\t\t\tdata-text=\"w:normal;s:70,68,55,28;l:60,60,55,26;fw:500;\"\n\t\t\t\t\t\t\t\tdata-dim=\"w:684px,673px,580px,257px;\"\n\t\t\t\t\t\t\t\tdata-frame_999=\"o:0;st:w;\"\n\t\t\t\t\t\t\t\tstyle=\"z-index:5;font-family:'Barlow Condensed';\"\n\t\t\t\t\t\t\t>Test de d\u00e9pistage du streptocoque <br \/>\n<span style=\"color: #36CCCA\">avec possibilit\u00e9 de prescription d'antibiotiques<\/span> \n\t\t\t\t\t\t\t<\/rs-layer><!--\n-->\t\t\t\t\t<\/rs-slide>\n\t\t\t\t\t<\/rs-slides>\n\t\t\t\t<\/rs-module>\n\t\t\t\t<script>\n\t\t\t\t\tsetREVStartSize({c: 'rev_slider_5_1',rl:[1240,1024,778,480],el:[600,500,400,250],gw:[1240,1024,778,480],gh:[600,500,400,250],type:'standard',justify:'',layout:'fullwidth',mh:\"0\"});if (window.RS_MODULES!==undefined && window.RS_MODULES.modules!==undefined && window.RS_MODULES.modules[\"revslider51\"]!==undefined) {window.RS_MODULES.modules[\"revslider51\"].once = false;window.revapi5 = undefined;if (window.RS_MODULES.checkMinimal!==undefined) window.RS_MODULES.checkMinimal()}\n\t\t\t\t<\/script>\n\t\t\t<\/rs-module-wrap>\n\t\t\t<!-- END REVOLUTION SLIDER -->\n<\/div>\n\n\t\t\t\t<\/div>\n\t\t\t\t<\/div>\n\t\t\t\t\t<\/div>\n\t\t<\/div>\n\t\t\t\t\t<\/div>\n\t\t<\/section>\n\t\t\t\t<section class=\"elementor-section elementor-top-section elementor-element elementor-element-4bcb611 elementor-section-boxed elementor-section-height-default elementor-section-height-default\" data-id=\"4bcb611\" data-element_type=\"section\" data-settings=\"{&quot;jet_parallax_layout_list&quot;:[{&quot;jet_parallax_layout_image&quot;:{&quot;url&quot;:&quot;&quot;,&quot;id&quot;:&quot;&quot;,&quot;size&quot;:&quot;&quot;},&quot;_id&quot;:&quot;5d2fa6a&quot;,&quot;jet_parallax_layout_speed&quot;:{&quot;unit&quot;:&quot;%&quot;,&quot;size&quot;:&quot;50&quot;,&quot;sizes&quot;:[]},&quot;jet_parallax_layout_bg_x&quot;:&quot;50&quot;,&quot;jet_parallax_layout_bg_y&quot;:&quot;50&quot;,&quot;jet_parallax_layout_image_tablet&quot;:{&quot;url&quot;:&quot;&quot;,&quot;id&quot;:&quot;&quot;,&quot;size&quot;:&quot;&quot;},&quot;jet_parallax_layout_image_mobile&quot;:{&quot;url&quot;:&quot;&quot;,&quot;id&quot;:&quot;&quot;,&quot;size&quot;:&quot;&quot;},&quot;jet_parallax_layout_type&quot;:&quot;scroll&quot;,&quot;jet_parallax_layout_direction&quot;:null,&quot;jet_parallax_layout_fx_direction&quot;:null,&quot;jet_parallax_layout_z_index&quot;:&quot;&quot;,&quot;jet_parallax_layout_bg_x_tablet&quot;:&quot;&quot;,&quot;jet_parallax_layout_bg_x_mobile&quot;:&quot;&quot;,&quot;jet_parallax_layout_bg_y_tablet&quot;:&quot;&quot;,&quot;jet_parallax_layout_bg_y_mobile&quot;:&quot;&quot;,&quot;jet_parallax_layout_bg_size&quot;:&quot;auto&quot;,&quot;jet_parallax_layout_bg_size_tablet&quot;:&quot;&quot;,&quot;jet_parallax_layout_bg_size_mobile&quot;:&quot;&quot;,&quot;jet_parallax_layout_animation_prop&quot;:&quot;transform&quot;,&quot;jet_parallax_layout_on&quot;:[&quot;desktop&quot;,&quot;tablet&quot;]}]}\">\n\t\t\t\t\t\t<div class=\"elementor-container elementor-column-gap-no\">\n\t\t\t\t\t<div class=\"elementor-column elementor-col-100 elementor-top-column elementor-element elementor-element-da6a8b9\" data-id=\"da6a8b9\" data-element_type=\"column\">\n\t\t\t<div class=\"elementor-widget-wrap elementor-element-populated\">\n\t\t\t\t\t\t<section class=\"elementor-section elementor-inner-section elementor-element elementor-element-54f5aa4 elementor-section-boxed elementor-section-height-default elementor-section-height-default\" data-id=\"54f5aa4\" data-element_type=\"section\" data-settings=\"{&quot;jet_parallax_layout_list&quot;:[{&quot;jet_parallax_layout_image&quot;:{&quot;url&quot;:&quot;&quot;,&quot;id&quot;:&quot;&quot;,&quot;size&quot;:&quot;&quot;},&quot;_id&quot;:&quot;34c7c3e&quot;,&quot;jet_parallax_layout_image_tablet&quot;:{&quot;url&quot;:&quot;&quot;,&quot;id&quot;:&quot;&quot;,&quot;size&quot;:&quot;&quot;},&quot;jet_parallax_layout_image_mobile&quot;:{&quot;url&quot;:&quot;&quot;,&quot;id&quot;:&quot;&quot;,&quot;size&quot;:&quot;&quot;},&quot;jet_parallax_layout_speed&quot;:{&quot;unit&quot;:&quot;%&quot;,&quot;size&quot;:50,&quot;sizes&quot;:[]},&quot;jet_parallax_layout_type&quot;:&quot;scroll&quot;,&quot;jet_parallax_layout_direction&quot;:null,&quot;jet_parallax_layout_fx_direction&quot;:null,&quot;jet_parallax_layout_z_index&quot;:&quot;&quot;,&quot;jet_parallax_layout_bg_x&quot;:50,&quot;jet_parallax_layout_bg_x_tablet&quot;:&quot;&quot;,&quot;jet_parallax_layout_bg_x_mobile&quot;:&quot;&quot;,&quot;jet_parallax_layout_bg_y&quot;:50,&quot;jet_parallax_layout_bg_y_tablet&quot;:&quot;&quot;,&quot;jet_parallax_layout_bg_y_mobile&quot;:&quot;&quot;,&quot;jet_parallax_layout_bg_size&quot;:&quot;auto&quot;,&quot;jet_parallax_layout_bg_size_tablet&quot;:&quot;&quot;,&quot;jet_parallax_layout_bg_size_mobile&quot;:&quot;&quot;,&quot;jet_parallax_layout_animation_prop&quot;:&quot;transform&quot;,&quot;jet_parallax_layout_on&quot;:[&quot;desktop&quot;,&quot;tablet&quot;]}]}\">\n\t\t\t\t\t\t<div class=\"elementor-container elementor-column-gap-default\">\n\t\t\t\t\t<div class=\"elementor-column elementor-col-100 elementor-inner-column elementor-element elementor-element-fbb19b3\" data-id=\"fbb19b3\" data-element_type=\"column\">\n\t\t\t<div class=\"elementor-widget-wrap elementor-element-populated\">\n\t\t\t\t\t\t<div class=\"elementor-element elementor-element-61f938a elementor-widget elementor-widget-text-editor\" data-id=\"61f938a\" data-element_type=\"widget\" data-widget_type=\"text-editor.default\">\n\t\t\t\t<div class=\"elementor-widget-container\">\n\t\t\t\t\t\t\t<p>Obtenez la tranquillit\u00e9 d&rsquo;esprit et favorisez une r\u00e9cup\u00e9ration rapide gr\u00e2ce \u00e0 notre service de d\u00e9pistage rapide du streptocoque, disponible pour les enfants \u00e0 partir de 6 ans ainsi que pour les adultes. La pharyngite \u00e0 streptocoques, caus\u00e9e par la bact\u00e9rie Streptococcus, se manifeste par des sympt\u00f4mes tels que :<\/p><ul><li>Ad\u00e9nopathies cervicales ant\u00e9rieures sensibles<\/li><li>Douleur \u00e0 la d\u00e9glutition<\/li><li>Fi\u00e8vre<\/li><li>Inflammation des amygdales et du pharynx<\/li><li>Maux de gorge importants<\/li><li>Naus\u00e9es<\/li><li>P\u00e9t\u00e9chies palatines<\/li><li>Pr\u00e9sence d\u2019exsudats amygdaliens<\/li><li>Vomissements, et parfois douleurs abdominales, particuli\u00e8rement chez les enfants<\/li><\/ul><p>Notre test rapide pour le streptocoque offre des r\u00e9sultats rapides pour guider un traitement efficace. En cas de r\u00e9sultat positif, nous pouvons fournir une ordonnance collective pour des antibiotiques afin de faciliter une r\u00e9cup\u00e9ration rapide. Veuillez noter que ce service n&rsquo;assure pas la disponibilit\u00e9 des antibiotiques et ne remplace pas la consultation avec un professionnel de la sant\u00e9. Notre \u00e9quipe de pharmacie est engag\u00e9e \u00e0 aider rapidement et \u00e0 g\u00e9rer les sympt\u00f4mes de la gorge streptococcique pour favoriser une sant\u00e9 optimale.<\/p>\t\t\t\t\t\t<\/div>\n\t\t\t\t<\/div>\n\t\t\t\t<div class=\"elementor-element elementor-element-5a91358 elementor-widget elementor-widget-text-editor\" data-id=\"5a91358\" data-element_type=\"widget\" data-widget_type=\"text-editor.default\">\n\t\t\t\t<div class=\"elementor-widget-container\">\n\t\t\t\t\t\t\t<p><strong>* Avis important : <\/strong>Certaines conditions et limitations s&rsquo;appliquent \u00e0 ce service selon la r\u00e9glementation et \u00e0 la discr\u00e9tion du pharmacien.<\/p>\t\t\t\t\t\t<\/div>\n\t\t\t\t<\/div>\n\t\t\t\t\t<\/div>\n\t\t<\/div>\n\t\t\t\t\t<\/div>\n\t\t<\/section>\n\t\t\t\t\t<\/div>\n\t\t<\/div>\n\t\t\t\t\t<\/div>\n\t\t<\/section>\n\t\t\t\t<\/div>\n\t\t","protected":false},"excerpt":{"rendered":"<p>Obtenez la tranquillit\u00e9 d&rsquo;esprit et favorisez une r\u00e9cup\u00e9ration rapide gr\u00e2ce \u00e0 notre service de d\u00e9pistage rapide du streptocoque, disponible pour les enfants \u00e0 partir de 6 ans ainsi que pour les adultes. La pharyngite \u00e0 streptocoques, caus\u00e9e par la bact\u00e9rie Streptococcus, se manifeste par des sympt\u00f4mes tels que : Ad\u00e9nopathies cervicales ant\u00e9rieures sensibles Douleur \u00e0 [&hellip;]<\/p>\n","protected":false},"author":1,"featured_media":0,"parent":0,"menu_order":0,"comment_status":"closed","ping_status":"closed","template":"full-width.php","meta":{"_acf_changed":false,"footnotes":""},"class_list":["post-931","page","type-page","status-publish","hentry"],"acf":[],"yoast_head":"<!-- This site is optimized with the Yoast SEO plugin v23.0 - https:\/\/yoast.com\/wordpress\/plugins\/seo\/ -->\n<title>Test de d\u00e9pistage du streptocoque avec possibilit\u00e9 de prescription d&#039;antibiotiques - Pharmacie Berge Shater<\/title>\n<meta name=\"description\" content=\"Book your blood test with our nurses.\" \/>\n<meta name=\"robots\" content=\"index, follow, max-snippet:-1, max-image-preview:large, max-video-preview:-1\" \/>\n<link rel=\"canonical\" href=\"https:\/\/pharmaciemtl.com\/fr\/test-de-depistage-du-streptocoque-avec-possibilite-de-prescription-dantibiotiques\/\" \/>\n<meta property=\"og:locale\" content=\"fr_FR\" \/>\n<meta property=\"og:type\" content=\"article\" \/>\n<meta property=\"og:title\" content=\"Test de d\u00e9pistage du streptocoque avec possibilit\u00e9 de prescription d&#039;antibiotiques - Pharmacie Berge Shater\" \/>\n<meta property=\"og:description\" content=\"Book your blood test with our nurses.\" \/>\n<meta property=\"og:url\" content=\"https:\/\/pharmaciemtl.com\/fr\/test-de-depistage-du-streptocoque-avec-possibilite-de-prescription-dantibiotiques\/\" \/>\n<meta property=\"og:site_name\" content=\"Pharmacie Berge Shater\" \/>\n<meta property=\"article:modified_time\" content=\"2024-07-17T19:34:50+00:00\" \/>\n<meta property=\"og:image\" content=\"https:\/\/pharmaciemtl.com\/wp-content\/uploads\/2021\/07\/pharmacie-berge-shater.jpg\" \/>\n\t<meta property=\"og:image:width\" content=\"700\" \/>\n\t<meta property=\"og:image:height\" content=\"700\" \/>\n\t<meta property=\"og:image:type\" content=\"image\/jpeg\" \/>\n<meta name=\"twitter:card\" content=\"summary_large_image\" \/>\n<script type=\"application\/ld+json\" class=\"yoast-schema-graph\">{\"@context\":\"https:\/\/schema.org\",\"@graph\":[{\"@type\":\"WebPage\",\"@id\":\"https:\/\/pharmaciemtl.com\/fr\/test-de-depistage-du-streptocoque-avec-possibilite-de-prescription-dantibiotiques\/\",\"url\":\"https:\/\/pharmaciemtl.com\/fr\/test-de-depistage-du-streptocoque-avec-possibilite-de-prescription-dantibiotiques\/\",\"name\":\"Test de d\u00e9pistage du streptocoque avec possibilit\u00e9 de prescription d'antibiotiques - Pharmacie Berge Shater\",\"isPartOf\":{\"@id\":\"https:\/\/pharmaciemtl.com\/#website\"},\"datePublished\":\"2024-07-15T15:01:21+00:00\",\"dateModified\":\"2024-07-17T19:34:50+00:00\",\"description\":\"Book your blood test with our nurses.\",\"breadcrumb\":{\"@id\":\"https:\/\/pharmaciemtl.com\/fr\/test-de-depistage-du-streptocoque-avec-possibilite-de-prescription-dantibiotiques\/#breadcrumb\"},\"inLanguage\":\"fr-FR\",\"potentialAction\":[{\"@type\":\"ReadAction\",\"target\":[\"https:\/\/pharmaciemtl.com\/fr\/test-de-depistage-du-streptocoque-avec-possibilite-de-prescription-dantibiotiques\/\"]}]},{\"@type\":\"BreadcrumbList\",\"@id\":\"https:\/\/pharmaciemtl.com\/fr\/test-de-depistage-du-streptocoque-avec-possibilite-de-prescription-dantibiotiques\/#breadcrumb\",\"itemListElement\":[{\"@type\":\"ListItem\",\"position\":1,\"name\":\"Home\",\"item\":\"https:\/\/pharmaciemtl.com\/fr\/\"},{\"@type\":\"ListItem\",\"position\":2,\"name\":\"Test de d\u00e9pistage du streptocoque avec possibilit\u00e9 de prescription d&#8217;antibiotiques\"}]},{\"@type\":\"WebSite\",\"@id\":\"https:\/\/pharmaciemtl.com\/#website\",\"url\":\"https:\/\/pharmaciemtl.com\/\",\"name\":\"Pharmacie Berge Shater\",\"description\":\"Personalized service for the whole family\",\"publisher\":{\"@id\":\"https:\/\/pharmaciemtl.com\/#organization\"},\"potentialAction\":[{\"@type\":\"SearchAction\",\"target\":{\"@type\":\"EntryPoint\",\"urlTemplate\":\"https:\/\/pharmaciemtl.com\/?s={search_term_string}\"},\"query-input\":\"required name=search_term_string\"}],\"inLanguage\":\"fr-FR\"},{\"@type\":\"Organization\",\"@id\":\"https:\/\/pharmaciemtl.com\/#organization\",\"name\":\"Pharmacie Berge Shater\",\"url\":\"https:\/\/pharmaciemtl.com\/\",\"logo\":{\"@type\":\"ImageObject\",\"inLanguage\":\"fr-FR\",\"@id\":\"https:\/\/pharmaciemtl.com\/#\/schema\/logo\/image\/\",\"url\":\"https:\/\/pharmaciemtl.com\/wp-content\/uploads\/2021\/05\/logo.png\",\"contentUrl\":\"https:\/\/pharmaciemtl.com\/wp-content\/uploads\/2021\/05\/logo.png\",\"width\":1251,\"height\":513,\"caption\":\"Pharmacie Berge Shater\"},\"image\":{\"@id\":\"https:\/\/pharmaciemtl.com\/#\/schema\/logo\/image\/\"}}]}<\/script>\n<!-- \/ Yoast SEO plugin. -->","yoast_head_json":{"title":"Test de d\u00e9pistage du streptocoque avec possibilit\u00e9 de prescription d'antibiotiques - Pharmacie Berge Shater","description":"Book your blood test with our nurses.","robots":{"index":"index","follow":"follow","max-snippet":"max-snippet:-1","max-image-preview":"max-image-preview:large","max-video-preview":"max-video-preview:-1"},"canonical":"https:\/\/pharmaciemtl.com\/fr\/test-de-depistage-du-streptocoque-avec-possibilite-de-prescription-dantibiotiques\/","og_locale":"fr_FR","og_type":"article","og_title":"Test de d\u00e9pistage du streptocoque avec possibilit\u00e9 de prescription d'antibiotiques - Pharmacie Berge Shater","og_description":"Book your blood test with our nurses.","og_url":"https:\/\/pharmaciemtl.com\/fr\/test-de-depistage-du-streptocoque-avec-possibilite-de-prescription-dantibiotiques\/","og_site_name":"Pharmacie Berge Shater","article_modified_time":"2024-07-17T19:34:50+00:00","og_image":[{"width":700,"height":700,"url":"https:\/\/pharmaciemtl.com\/wp-content\/uploads\/2021\/07\/pharmacie-berge-shater.jpg","type":"image\/jpeg"}],"twitter_card":"summary_large_image","schema":{"@context":"https:\/\/schema.org","@graph":[{"@type":"WebPage","@id":"https:\/\/pharmaciemtl.com\/fr\/test-de-depistage-du-streptocoque-avec-possibilite-de-prescription-dantibiotiques\/","url":"https:\/\/pharmaciemtl.com\/fr\/test-de-depistage-du-streptocoque-avec-possibilite-de-prescription-dantibiotiques\/","name":"Test de d\u00e9pistage du streptocoque avec possibilit\u00e9 de prescription d'antibiotiques - Pharmacie Berge Shater","isPartOf":{"@id":"https:\/\/pharmaciemtl.com\/#website"},"datePublished":"2024-07-15T15:01:21+00:00","dateModified":"2024-07-17T19:34:50+00:00","description":"Book your blood test with our nurses.","breadcrumb":{"@id":"https:\/\/pharmaciemtl.com\/fr\/test-de-depistage-du-streptocoque-avec-possibilite-de-prescription-dantibiotiques\/#breadcrumb"},"inLanguage":"fr-FR","potentialAction":[{"@type":"ReadAction","target":["https:\/\/pharmaciemtl.com\/fr\/test-de-depistage-du-streptocoque-avec-possibilite-de-prescription-dantibiotiques\/"]}]},{"@type":"BreadcrumbList","@id":"https:\/\/pharmaciemtl.com\/fr\/test-de-depistage-du-streptocoque-avec-possibilite-de-prescription-dantibiotiques\/#breadcrumb","itemListElement":[{"@type":"ListItem","position":1,"name":"Home","item":"https:\/\/pharmaciemtl.com\/fr\/"},{"@type":"ListItem","position":2,"name":"Test de d\u00e9pistage du streptocoque avec possibilit\u00e9 de prescription d&#8217;antibiotiques"}]},{"@type":"WebSite","@id":"https:\/\/pharmaciemtl.com\/#website","url":"https:\/\/pharmaciemtl.com\/","name":"Pharmacie Berge Shater","description":"Personalized service for the whole family","publisher":{"@id":"https:\/\/pharmaciemtl.com\/#organization"},"potentialAction":[{"@type":"SearchAction","target":{"@type":"EntryPoint","urlTemplate":"https:\/\/pharmaciemtl.com\/?s={search_term_string}"},"query-input":"required name=search_term_string"}],"inLanguage":"fr-FR"},{"@type":"Organization","@id":"https:\/\/pharmaciemtl.com\/#organization","name":"Pharmacie Berge Shater","url":"https:\/\/pharmaciemtl.com\/","logo":{"@type":"ImageObject","inLanguage":"fr-FR","@id":"https:\/\/pharmaciemtl.com\/#\/schema\/logo\/image\/","url":"https:\/\/pharmaciemtl.com\/wp-content\/uploads\/2021\/05\/logo.png","contentUrl":"https:\/\/pharmaciemtl.com\/wp-content\/uploads\/2021\/05\/logo.png","width":1251,"height":513,"caption":"Pharmacie Berge Shater"},"image":{"@id":"https:\/\/pharmaciemtl.com\/#\/schema\/logo\/image\/"}}]}},"_links":{"self":[{"href":"https:\/\/pharmaciemtl.com\/fr\/wp-json\/wp\/v2\/pages\/931","targetHints":{"allow":["GET"]}}],"collection":[{"href":"https:\/\/pharmaciemtl.com\/fr\/wp-json\/wp\/v2\/pages"}],"about":[{"href":"https:\/\/pharmaciemtl.com\/fr\/wp-json\/wp\/v2\/types\/page"}],"author":[{"embeddable":true,"href":"https:\/\/pharmaciemtl.com\/fr\/wp-json\/wp\/v2\/users\/1"}],"replies":[{"embeddable":true,"href":"https:\/\/pharmaciemtl.com\/fr\/wp-json\/wp\/v2\/comments?post=931"}],"version-history":[{"count":12,"href":"https:\/\/pharmaciemtl.com\/fr\/wp-json\/wp\/v2\/pages\/931\/revisions"}],"predecessor-version":[{"id":1089,"href":"https:\/\/pharmaciemtl.com\/fr\/wp-json\/wp\/v2\/pages\/931\/revisions\/1089"}],"wp:attachment":[{"href":"https:\/\/pharmaciemtl.com\/fr\/wp-json\/wp\/v2\/media?parent=931"}],"curies":[{"name":"wp","href":"https:\/\/api.w.org\/{rel}","templated":true}]}}