{"id":951,"date":"2024-07-15T15:11:01","date_gmt":"2024-07-15T15:11:01","guid":{"rendered":"https:\/\/pharmaciemtl.com\/?page_id=951"},"modified":"2024-07-17T19:34:26","modified_gmt":"2024-07-17T19:34:26","slug":"service-dacces-rapide-de-contraception-durgence-planb","status":"publish","type":"page","link":"https:\/\/pharmaciemtl.com\/fr\/service-dacces-rapide-de-contraception-durgence-planb\/","title":{"rendered":"Service d&rsquo;acc\u00e8s rapide de contraception d&rsquo;urgence &#8211; PlanB"},"content":{"rendered":"\t\t<div data-elementor-type=\"wp-page\" data-elementor-id=\"951\" class=\"elementor elementor-951 elementor-945\">\n\t\t\t\t\t\t<section class=\"elementor-section elementor-top-section elementor-element elementor-element-6099cd1 elementor-section-full_width elementor-section-stretched elementor-section-height-default elementor-section-height-default\" data-id=\"6099cd1\" data-element_type=\"section\" data-settings=\"{&quot;jet_parallax_layout_list&quot;:[{&quot;jet_parallax_layout_image&quot;:{&quot;url&quot;:&quot;&quot;,&quot;id&quot;:&quot;&quot;,&quot;size&quot;:&quot;&quot;},&quot;_id&quot;:&quot;f556e92&quot;,&quot;jet_parallax_layout_speed&quot;:{&quot;unit&quot;:&quot;%&quot;,&quot;size&quot;:&quot;50&quot;,&quot;sizes&quot;:[]},&quot;jet_parallax_layout_bg_x&quot;:&quot;50&quot;,&quot;jet_parallax_layout_bg_y&quot;:&quot;50&quot;,&quot;jet_parallax_layout_image_tablet&quot;:{&quot;url&quot;:&quot;&quot;,&quot;id&quot;:&quot;&quot;,&quot;size&quot;:&quot;&quot;},&quot;jet_parallax_layout_image_mobile&quot;:{&quot;url&quot;:&quot;&quot;,&quot;id&quot;:&quot;&quot;,&quot;size&quot;:&quot;&quot;},&quot;jet_parallax_layout_type&quot;:&quot;scroll&quot;,&quot;jet_parallax_layout_direction&quot;:null,&quot;jet_parallax_layout_fx_direction&quot;:null,&quot;jet_parallax_layout_z_index&quot;:&quot;&quot;,&quot;jet_parallax_layout_bg_x_tablet&quot;:&quot;&quot;,&quot;jet_parallax_layout_bg_x_mobile&quot;:&quot;&quot;,&quot;jet_parallax_layout_bg_y_tablet&quot;:&quot;&quot;,&quot;jet_parallax_layout_bg_y_mobile&quot;:&quot;&quot;,&quot;jet_parallax_layout_bg_size&quot;:&quot;auto&quot;,&quot;jet_parallax_layout_bg_size_tablet&quot;:&quot;&quot;,&quot;jet_parallax_layout_bg_size_mobile&quot;:&quot;&quot;,&quot;jet_parallax_layout_animation_prop&quot;:&quot;transform&quot;,&quot;jet_parallax_layout_on&quot;:[&quot;desktop&quot;,&quot;tablet&quot;]}],&quot;background_background&quot;:&quot;classic&quot;,&quot;stretch_section&quot;:&quot;section-stretched&quot;}\">\n\t\t\t\t\t\t\t<div class=\"elementor-background-overlay\"><\/div>\n\t\t\t\t\t\t\t<div class=\"elementor-container elementor-column-gap-no\">\n\t\t\t\t\t<div class=\"elementor-column elementor-col-100 elementor-top-column elementor-element elementor-element-b9d2316\" data-id=\"b9d2316\" data-element_type=\"column\">\n\t\t\t<div class=\"elementor-widget-wrap elementor-element-populated\">\n\t\t\t\t\t\t<div class=\"elementor-element elementor-element-c9df542 elementor-widget elementor-widget-slider_revolution\" data-id=\"c9df542\" data-element_type=\"widget\" data-widget_type=\"slider_revolution.default\">\n\t\t\t\t<div class=\"elementor-widget-container\">\n\t\t\t\n\t\t<div class=\"wp-block-themepunch-revslider\">\n\t\t\t<!-- START Rapid Plan B REVOLUTION SLIDER 6.7.14 --><p class=\"rs-p-wp-fix\"><\/p>\n\t\t\t<rs-module-wrap id=\"rev_slider_6_1_wrapper\" data-source=\"gallery\" style=\"visibility:hidden;background:transparent;padding:0;margin:0px auto;margin-top:0;margin-bottom:0;\">\n\t\t\t\t<rs-module id=\"rev_slider_6_1\" style=\"\" data-version=\"6.7.14\">\n\t\t\t\t\t<rs-slides style=\"overflow: hidden; position: absolute;\">\n\t\t\t\t\t\t<rs-slide style=\"position: absolute;\" data-key=\"rs-27\" data-title=\"Slide\" data-duration=\"5000ms\" data-anim=\"adpr:false;\" data-in=\"o:0;\" data-out=\"a:false;\">\n\t\t\t\t\t\t\t<img fetchpriority=\"high\" decoding=\"async\" src=\"\/\/pharmaciemtl.com\/wp-content\/plugins\/revslider\/sr6\/assets\/assets\/dummy.png\" alt=\"\" title=\"banner-morning-after\" width=\"849\" height=\"855\" class=\"rev-slidebg tp-rs-img rs-lazyload\" data-lazyload=\"\/\/pharmaciemtl.com\/wp-content\/uploads\/2024\/07\/banner-morning-after.png\" data-bg=\"p:right center;f:contain;\" data-no-retina>\n<!--\n\t\t\t\t\t\t\t--><rs-layer\n\t\t\t\t\t\t\t\tid=\"slider-6-slide-27-layer-0\" \n\t\t\t\t\t\t\t\tdata-type=\"text\"\n\t\t\t\t\t\t\t\tdata-color=\"#0c0c0c\"\n\t\t\t\t\t\t\t\tdata-rsp_ch=\"on\"\n\t\t\t\t\t\t\t\tdata-xy=\"xo:50px,41px,31px,19px;y:m;\"\n\t\t\t\t\t\t\t\tdata-text=\"w:normal;s:80,75,55,34;l:70,70,55,32;fw:500;\"\n\t\t\t\t\t\t\t\tdata-dim=\"w:637px,601px,456px,236px;\"\n\t\t\t\t\t\t\t\tdata-frame_999=\"o:0;st:w;\"\n\t\t\t\t\t\t\t\tstyle=\"z-index:5;font-family:'Barlow Condensed';\"\n\t\t\t\t\t\t\t>Service d'acc\u00e8s Rapide   <br \/>\n<span style=\"color: #36CCCA\">de Contraception D'urgence - PlanB<\/span> \n\t\t\t\t\t\t\t<\/rs-layer><!--\n-->\t\t\t\t\t<\/rs-slide>\n\t\t\t\t\t<\/rs-slides>\n\t\t\t\t<\/rs-module>\n\t\t\t\t<script>\n\t\t\t\t\tsetREVStartSize({c: 'rev_slider_6_1',rl:[1240,1024,778,480],el:[600,500,400,250],gw:[1240,1024,778,480],gh:[600,500,400,250],type:'standard',justify:'',layout:'fullwidth',mh:\"0\"});if (window.RS_MODULES!==undefined && window.RS_MODULES.modules!==undefined && window.RS_MODULES.modules[\"revslider61\"]!==undefined) {window.RS_MODULES.modules[\"revslider61\"].once = false;window.revapi6 = undefined;if (window.RS_MODULES.checkMinimal!==undefined) window.RS_MODULES.checkMinimal()}\n\t\t\t\t<\/script>\n\t\t\t<\/rs-module-wrap>\n\t\t\t<!-- END REVOLUTION SLIDER -->\n<\/div>\n\n\t\t\t\t<\/div>\n\t\t\t\t<\/div>\n\t\t\t\t\t<\/div>\n\t\t<\/div>\n\t\t\t\t\t<\/div>\n\t\t<\/section>\n\t\t\t\t<section class=\"elementor-section elementor-top-section elementor-element elementor-element-4bcb611 elementor-section-boxed elementor-section-height-default elementor-section-height-default\" data-id=\"4bcb611\" data-element_type=\"section\" data-settings=\"{&quot;jet_parallax_layout_list&quot;:[{&quot;jet_parallax_layout_image&quot;:{&quot;url&quot;:&quot;&quot;,&quot;id&quot;:&quot;&quot;,&quot;size&quot;:&quot;&quot;},&quot;_id&quot;:&quot;5d2fa6a&quot;,&quot;jet_parallax_layout_speed&quot;:{&quot;unit&quot;:&quot;%&quot;,&quot;size&quot;:&quot;50&quot;,&quot;sizes&quot;:[]},&quot;jet_parallax_layout_bg_x&quot;:&quot;50&quot;,&quot;jet_parallax_layout_bg_y&quot;:&quot;50&quot;,&quot;jet_parallax_layout_image_tablet&quot;:{&quot;url&quot;:&quot;&quot;,&quot;id&quot;:&quot;&quot;,&quot;size&quot;:&quot;&quot;},&quot;jet_parallax_layout_image_mobile&quot;:{&quot;url&quot;:&quot;&quot;,&quot;id&quot;:&quot;&quot;,&quot;size&quot;:&quot;&quot;},&quot;jet_parallax_layout_type&quot;:&quot;scroll&quot;,&quot;jet_parallax_layout_direction&quot;:null,&quot;jet_parallax_layout_fx_direction&quot;:null,&quot;jet_parallax_layout_z_index&quot;:&quot;&quot;,&quot;jet_parallax_layout_bg_x_tablet&quot;:&quot;&quot;,&quot;jet_parallax_layout_bg_x_mobile&quot;:&quot;&quot;,&quot;jet_parallax_layout_bg_y_tablet&quot;:&quot;&quot;,&quot;jet_parallax_layout_bg_y_mobile&quot;:&quot;&quot;,&quot;jet_parallax_layout_bg_size&quot;:&quot;auto&quot;,&quot;jet_parallax_layout_bg_size_tablet&quot;:&quot;&quot;,&quot;jet_parallax_layout_bg_size_mobile&quot;:&quot;&quot;,&quot;jet_parallax_layout_animation_prop&quot;:&quot;transform&quot;,&quot;jet_parallax_layout_on&quot;:[&quot;desktop&quot;,&quot;tablet&quot;]}]}\">\n\t\t\t\t\t\t<div class=\"elementor-container elementor-column-gap-no\">\n\t\t\t\t\t<div class=\"elementor-column elementor-col-100 elementor-top-column elementor-element elementor-element-da6a8b9\" data-id=\"da6a8b9\" data-element_type=\"column\">\n\t\t\t<div class=\"elementor-widget-wrap elementor-element-populated\">\n\t\t\t\t\t\t<section class=\"elementor-section elementor-inner-section elementor-element elementor-element-54f5aa4 elementor-section-boxed elementor-section-height-default elementor-section-height-default\" data-id=\"54f5aa4\" data-element_type=\"section\" data-settings=\"{&quot;jet_parallax_layout_list&quot;:[{&quot;jet_parallax_layout_image&quot;:{&quot;url&quot;:&quot;&quot;,&quot;id&quot;:&quot;&quot;,&quot;size&quot;:&quot;&quot;},&quot;_id&quot;:&quot;34c7c3e&quot;,&quot;jet_parallax_layout_image_tablet&quot;:{&quot;url&quot;:&quot;&quot;,&quot;id&quot;:&quot;&quot;,&quot;size&quot;:&quot;&quot;},&quot;jet_parallax_layout_image_mobile&quot;:{&quot;url&quot;:&quot;&quot;,&quot;id&quot;:&quot;&quot;,&quot;size&quot;:&quot;&quot;},&quot;jet_parallax_layout_speed&quot;:{&quot;unit&quot;:&quot;%&quot;,&quot;size&quot;:50,&quot;sizes&quot;:[]},&quot;jet_parallax_layout_type&quot;:&quot;scroll&quot;,&quot;jet_parallax_layout_direction&quot;:null,&quot;jet_parallax_layout_fx_direction&quot;:null,&quot;jet_parallax_layout_z_index&quot;:&quot;&quot;,&quot;jet_parallax_layout_bg_x&quot;:50,&quot;jet_parallax_layout_bg_x_tablet&quot;:&quot;&quot;,&quot;jet_parallax_layout_bg_x_mobile&quot;:&quot;&quot;,&quot;jet_parallax_layout_bg_y&quot;:50,&quot;jet_parallax_layout_bg_y_tablet&quot;:&quot;&quot;,&quot;jet_parallax_layout_bg_y_mobile&quot;:&quot;&quot;,&quot;jet_parallax_layout_bg_size&quot;:&quot;auto&quot;,&quot;jet_parallax_layout_bg_size_tablet&quot;:&quot;&quot;,&quot;jet_parallax_layout_bg_size_mobile&quot;:&quot;&quot;,&quot;jet_parallax_layout_animation_prop&quot;:&quot;transform&quot;,&quot;jet_parallax_layout_on&quot;:[&quot;desktop&quot;,&quot;tablet&quot;]}]}\">\n\t\t\t\t\t\t<div class=\"elementor-container elementor-column-gap-default\">\n\t\t\t\t\t<div class=\"elementor-column elementor-col-100 elementor-inner-column elementor-element elementor-element-fbb19b3\" data-id=\"fbb19b3\" data-element_type=\"column\">\n\t\t\t<div class=\"elementor-widget-wrap elementor-element-populated\">\n\t\t\t\t\t\t<div class=\"elementor-element elementor-element-61f938a elementor-widget elementor-widget-text-editor\" data-id=\"61f938a\" data-element_type=\"widget\" data-widget_type=\"text-editor.default\">\n\t\t\t\t<div class=\"elementor-widget-container\">\n\t\t\t\t\t\t\t<p>Assurez-vous un acc\u00e8s facile et une tranquillit\u00e9 d&rsquo;esprit avec nos services complets de prescription de Plan B, sp\u00e9cialement con\u00e7us pour r\u00e9pondre aux besoins des personnes recherchant une contraception d&rsquo;urgence. Le Plan B, connu \u00e9galement sous le nom de pilule du lendemain, repr\u00e9sente une solution s\u00e9curitaire pour pr\u00e9venir une grossesse apr\u00e8s un rapport non prot\u00e9g\u00e9 ou en cas d&rsquo;\u00e9chec contraceptif. Notez que l&rsquo;efficacit\u00e9 peut varier selon diff\u00e9rents facteurs.<\/p><p>Nos pharmaciens vous offrent des conseils d&rsquo;experts sur l&rsquo;utilisation, les effets et les risques potentiels, dans un cadre respectueux et accueillant o\u00f9 chaque individu se sent \u00e0 l&rsquo;aise et valoris\u00e9, tout en garantissant une confidentialit\u00e9 totale. Il est important de noter que le Plan B n&rsquo;est pas destin\u00e9 \u00e0 un usage r\u00e9gulier et ne prot\u00e8ge pas contre les infections sexuellement transmissibles (IST).<\/p><p>Pour plus d&rsquo;informations ou pour b\u00e9n\u00e9ficier de nos services, nous vous invitons \u00e0 visiter notre pharmacie ou \u00e0 contacter notre \u00e9quipe. Votre sant\u00e9 et votre confidentialit\u00e9 sont notre priorit\u00e9 absolue.<\/p>\t\t\t\t\t\t<\/div>\n\t\t\t\t<\/div>\n\t\t\t\t<div class=\"elementor-element elementor-element-5c2cd32 elementor-widget elementor-widget-text-editor\" data-id=\"5c2cd32\" data-element_type=\"widget\" data-widget_type=\"text-editor.default\">\n\t\t\t\t<div class=\"elementor-widget-container\">\n\t\t\t\t\t\t\t<p><strong>* Avis important : <\/strong>Certaines conditions et limitations s&rsquo;appliquent \u00e0 ce service selon la r\u00e9glementation et \u00e0 la discr\u00e9tion du pharmacien.<\/p>\t\t\t\t\t\t<\/div>\n\t\t\t\t<\/div>\n\t\t\t\t\t<\/div>\n\t\t<\/div>\n\t\t\t\t\t<\/div>\n\t\t<\/section>\n\t\t\t\t\t<\/div>\n\t\t<\/div>\n\t\t\t\t\t<\/div>\n\t\t<\/section>\n\t\t\t\t<\/div>\n\t\t","protected":false},"excerpt":{"rendered":"<p>Assurez-vous un acc\u00e8s facile et une tranquillit\u00e9 d&rsquo;esprit avec nos services complets de prescription de Plan B, sp\u00e9cialement con\u00e7us pour r\u00e9pondre aux besoins des personnes recherchant une contraception d&rsquo;urgence. Le Plan B, connu \u00e9galement sous le nom de pilule du lendemain, repr\u00e9sente une solution s\u00e9curitaire pour pr\u00e9venir une grossesse apr\u00e8s un rapport non prot\u00e9g\u00e9 ou [&hellip;]<\/p>\n","protected":false},"author":1,"featured_media":0,"parent":0,"menu_order":0,"comment_status":"closed","ping_status":"closed","template":"full-width.php","meta":{"_acf_changed":false,"footnotes":""},"class_list":["post-951","page","type-page","status-publish","hentry"],"acf":[],"yoast_head":"<!-- This site is optimized with the Yoast SEO plugin v23.0 - https:\/\/yoast.com\/wordpress\/plugins\/seo\/ -->\n<title>Service d&#039;acc\u00e8s rapide de contraception d&#039;urgence - PlanB - Pharmacie Berge Shater<\/title>\n<meta name=\"robots\" content=\"index, follow, max-snippet:-1, max-image-preview:large, max-video-preview:-1\" \/>\n<link rel=\"canonical\" href=\"https:\/\/pharmaciemtl.com\/fr\/service-dacces-rapide-de-contraception-durgence-planb\/\" \/>\n<meta property=\"og:locale\" content=\"fr_FR\" \/>\n<meta property=\"og:type\" content=\"article\" \/>\n<meta property=\"og:title\" content=\"Service d&#039;acc\u00e8s rapide de contraception d&#039;urgence - PlanB - Pharmacie Berge Shater\" \/>\n<meta property=\"og:description\" content=\"Assurez-vous un acc\u00e8s facile et une tranquillit\u00e9 d&rsquo;esprit avec nos services complets de prescription de Plan B, sp\u00e9cialement con\u00e7us pour r\u00e9pondre aux besoins des personnes recherchant une contraception d&rsquo;urgence. Le Plan B, connu \u00e9galement sous le nom de pilule du lendemain, repr\u00e9sente une solution s\u00e9curitaire pour pr\u00e9venir une grossesse apr\u00e8s un rapport non prot\u00e9g\u00e9 ou [&hellip;]\" \/>\n<meta property=\"og:url\" content=\"https:\/\/pharmaciemtl.com\/fr\/service-dacces-rapide-de-contraception-durgence-planb\/\" \/>\n<meta property=\"og:site_name\" content=\"Pharmacie Berge Shater\" \/>\n<meta property=\"article:modified_time\" content=\"2024-07-17T19:34:26+00:00\" \/>\n<meta property=\"og:image\" content=\"https:\/\/pharmaciemtl.com\/wp-content\/uploads\/2021\/07\/pharmacie-berge-shater.jpg\" \/>\n\t<meta property=\"og:image:width\" content=\"700\" \/>\n\t<meta property=\"og:image:height\" content=\"700\" \/>\n\t<meta property=\"og:image:type\" content=\"image\/jpeg\" \/>\n<meta name=\"twitter:card\" content=\"summary_large_image\" \/>\n<script type=\"application\/ld+json\" class=\"yoast-schema-graph\">{\"@context\":\"https:\/\/schema.org\",\"@graph\":[{\"@type\":\"WebPage\",\"@id\":\"https:\/\/pharmaciemtl.com\/fr\/service-dacces-rapide-de-contraception-durgence-planb\/\",\"url\":\"https:\/\/pharmaciemtl.com\/fr\/service-dacces-rapide-de-contraception-durgence-planb\/\",\"name\":\"Service d'acc\u00e8s rapide de contraception d'urgence - PlanB - Pharmacie Berge Shater\",\"isPartOf\":{\"@id\":\"https:\/\/pharmaciemtl.com\/#website\"},\"datePublished\":\"2024-07-15T15:11:01+00:00\",\"dateModified\":\"2024-07-17T19:34:26+00:00\",\"breadcrumb\":{\"@id\":\"https:\/\/pharmaciemtl.com\/fr\/service-dacces-rapide-de-contraception-durgence-planb\/#breadcrumb\"},\"inLanguage\":\"fr-FR\",\"potentialAction\":[{\"@type\":\"ReadAction\",\"target\":[\"https:\/\/pharmaciemtl.com\/fr\/service-dacces-rapide-de-contraception-durgence-planb\/\"]}]},{\"@type\":\"BreadcrumbList\",\"@id\":\"https:\/\/pharmaciemtl.com\/fr\/service-dacces-rapide-de-contraception-durgence-planb\/#breadcrumb\",\"itemListElement\":[{\"@type\":\"ListItem\",\"position\":1,\"name\":\"Home\",\"item\":\"https:\/\/pharmaciemtl.com\/fr\/\"},{\"@type\":\"ListItem\",\"position\":2,\"name\":\"Service d&#8217;acc\u00e8s rapide de contraception d&#8217;urgence &#8211; PlanB\"}]},{\"@type\":\"WebSite\",\"@id\":\"https:\/\/pharmaciemtl.com\/#website\",\"url\":\"https:\/\/pharmaciemtl.com\/\",\"name\":\"Pharmacie Berge Shater\",\"description\":\"Personalized service for the whole family\",\"publisher\":{\"@id\":\"https:\/\/pharmaciemtl.com\/#organization\"},\"potentialAction\":[{\"@type\":\"SearchAction\",\"target\":{\"@type\":\"EntryPoint\",\"urlTemplate\":\"https:\/\/pharmaciemtl.com\/?s={search_term_string}\"},\"query-input\":\"required name=search_term_string\"}],\"inLanguage\":\"fr-FR\"},{\"@type\":\"Organization\",\"@id\":\"https:\/\/pharmaciemtl.com\/#organization\",\"name\":\"Pharmacie Berge Shater\",\"url\":\"https:\/\/pharmaciemtl.com\/\",\"logo\":{\"@type\":\"ImageObject\",\"inLanguage\":\"fr-FR\",\"@id\":\"https:\/\/pharmaciemtl.com\/#\/schema\/logo\/image\/\",\"url\":\"https:\/\/pharmaciemtl.com\/wp-content\/uploads\/2021\/05\/logo.png\",\"contentUrl\":\"https:\/\/pharmaciemtl.com\/wp-content\/uploads\/2021\/05\/logo.png\",\"width\":1251,\"height\":513,\"caption\":\"Pharmacie Berge Shater\"},\"image\":{\"@id\":\"https:\/\/pharmaciemtl.com\/#\/schema\/logo\/image\/\"}}]}<\/script>\n<!-- \/ Yoast SEO plugin. -->","yoast_head_json":{"title":"Service d'acc\u00e8s rapide de contraception d'urgence - PlanB - Pharmacie Berge Shater","robots":{"index":"index","follow":"follow","max-snippet":"max-snippet:-1","max-image-preview":"max-image-preview:large","max-video-preview":"max-video-preview:-1"},"canonical":"https:\/\/pharmaciemtl.com\/fr\/service-dacces-rapide-de-contraception-durgence-planb\/","og_locale":"fr_FR","og_type":"article","og_title":"Service d'acc\u00e8s rapide de contraception d'urgence - PlanB - Pharmacie Berge Shater","og_description":"Assurez-vous un acc\u00e8s facile et une tranquillit\u00e9 d&rsquo;esprit avec nos services complets de prescription de Plan B, sp\u00e9cialement con\u00e7us pour r\u00e9pondre aux besoins des personnes recherchant une contraception d&rsquo;urgence. Le Plan B, connu \u00e9galement sous le nom de pilule du lendemain, repr\u00e9sente une solution s\u00e9curitaire pour pr\u00e9venir une grossesse apr\u00e8s un rapport non prot\u00e9g\u00e9 ou [&hellip;]","og_url":"https:\/\/pharmaciemtl.com\/fr\/service-dacces-rapide-de-contraception-durgence-planb\/","og_site_name":"Pharmacie Berge Shater","article_modified_time":"2024-07-17T19:34:26+00:00","og_image":[{"width":700,"height":700,"url":"https:\/\/pharmaciemtl.com\/wp-content\/uploads\/2021\/07\/pharmacie-berge-shater.jpg","type":"image\/jpeg"}],"twitter_card":"summary_large_image","schema":{"@context":"https:\/\/schema.org","@graph":[{"@type":"WebPage","@id":"https:\/\/pharmaciemtl.com\/fr\/service-dacces-rapide-de-contraception-durgence-planb\/","url":"https:\/\/pharmaciemtl.com\/fr\/service-dacces-rapide-de-contraception-durgence-planb\/","name":"Service d'acc\u00e8s rapide de contraception d'urgence - PlanB - Pharmacie Berge Shater","isPartOf":{"@id":"https:\/\/pharmaciemtl.com\/#website"},"datePublished":"2024-07-15T15:11:01+00:00","dateModified":"2024-07-17T19:34:26+00:00","breadcrumb":{"@id":"https:\/\/pharmaciemtl.com\/fr\/service-dacces-rapide-de-contraception-durgence-planb\/#breadcrumb"},"inLanguage":"fr-FR","potentialAction":[{"@type":"ReadAction","target":["https:\/\/pharmaciemtl.com\/fr\/service-dacces-rapide-de-contraception-durgence-planb\/"]}]},{"@type":"BreadcrumbList","@id":"https:\/\/pharmaciemtl.com\/fr\/service-dacces-rapide-de-contraception-durgence-planb\/#breadcrumb","itemListElement":[{"@type":"ListItem","position":1,"name":"Home","item":"https:\/\/pharmaciemtl.com\/fr\/"},{"@type":"ListItem","position":2,"name":"Service d&#8217;acc\u00e8s rapide de contraception d&#8217;urgence &#8211; PlanB"}]},{"@type":"WebSite","@id":"https:\/\/pharmaciemtl.com\/#website","url":"https:\/\/pharmaciemtl.com\/","name":"Pharmacie Berge Shater","description":"Personalized service for the whole family","publisher":{"@id":"https:\/\/pharmaciemtl.com\/#organization"},"potentialAction":[{"@type":"SearchAction","target":{"@type":"EntryPoint","urlTemplate":"https:\/\/pharmaciemtl.com\/?s={search_term_string}"},"query-input":"required name=search_term_string"}],"inLanguage":"fr-FR"},{"@type":"Organization","@id":"https:\/\/pharmaciemtl.com\/#organization","name":"Pharmacie Berge Shater","url":"https:\/\/pharmaciemtl.com\/","logo":{"@type":"ImageObject","inLanguage":"fr-FR","@id":"https:\/\/pharmaciemtl.com\/#\/schema\/logo\/image\/","url":"https:\/\/pharmaciemtl.com\/wp-content\/uploads\/2021\/05\/logo.png","contentUrl":"https:\/\/pharmaciemtl.com\/wp-content\/uploads\/2021\/05\/logo.png","width":1251,"height":513,"caption":"Pharmacie Berge Shater"},"image":{"@id":"https:\/\/pharmaciemtl.com\/#\/schema\/logo\/image\/"}}]}},"_links":{"self":[{"href":"https:\/\/pharmaciemtl.com\/fr\/wp-json\/wp\/v2\/pages\/951","targetHints":{"allow":["GET"]}}],"collection":[{"href":"https:\/\/pharmaciemtl.com\/fr\/wp-json\/wp\/v2\/pages"}],"about":[{"href":"https:\/\/pharmaciemtl.com\/fr\/wp-json\/wp\/v2\/types\/page"}],"author":[{"embeddable":true,"href":"https:\/\/pharmaciemtl.com\/fr\/wp-json\/wp\/v2\/users\/1"}],"replies":[{"embeddable":true,"href":"https:\/\/pharmaciemtl.com\/fr\/wp-json\/wp\/v2\/comments?post=951"}],"version-history":[{"count":18,"href":"https:\/\/pharmaciemtl.com\/fr\/wp-json\/wp\/v2\/pages\/951\/revisions"}],"predecessor-version":[{"id":1086,"href":"https:\/\/pharmaciemtl.com\/fr\/wp-json\/wp\/v2\/pages\/951\/revisions\/1086"}],"wp:attachment":[{"href":"https:\/\/pharmaciemtl.com\/fr\/wp-json\/wp\/v2\/media?parent=951"}],"curies":[{"name":"wp","href":"https:\/\/api.w.org\/{rel}","templated":true}]}}