{"id":966,"date":"2024-07-15T15:15:52","date_gmt":"2024-07-15T15:15:52","guid":{"rendered":"https:\/\/pharmaciemtl.com\/?page_id=966"},"modified":"2024-07-17T19:33:07","modified_gmt":"2024-07-17T19:33:07","slug":"evaluation-et-gestion-des-infections-urinaires-chez-les-femmes","status":"publish","type":"page","link":"https:\/\/pharmaciemtl.com\/fr\/evaluation-et-gestion-des-infections-urinaires-chez-les-femmes\/","title":{"rendered":"\u00c9valuation  et gestion des infections urinaires chez les femmes"},"content":{"rendered":"\t\t<div data-elementor-type=\"wp-page\" data-elementor-id=\"966\" class=\"elementor elementor-966 elementor-965\">\n\t\t\t\t\t\t<section class=\"elementor-section elementor-top-section elementor-element elementor-element-6099cd1 elementor-section-full_width elementor-section-stretched elementor-section-height-default elementor-section-height-default\" data-id=\"6099cd1\" data-element_type=\"section\" data-settings=\"{&quot;jet_parallax_layout_list&quot;:[{&quot;jet_parallax_layout_image&quot;:{&quot;url&quot;:&quot;&quot;,&quot;id&quot;:&quot;&quot;,&quot;size&quot;:&quot;&quot;},&quot;_id&quot;:&quot;f556e92&quot;,&quot;jet_parallax_layout_speed&quot;:{&quot;unit&quot;:&quot;%&quot;,&quot;size&quot;:&quot;50&quot;,&quot;sizes&quot;:[]},&quot;jet_parallax_layout_bg_x&quot;:&quot;50&quot;,&quot;jet_parallax_layout_bg_y&quot;:&quot;50&quot;,&quot;jet_parallax_layout_image_tablet&quot;:{&quot;url&quot;:&quot;&quot;,&quot;id&quot;:&quot;&quot;,&quot;size&quot;:&quot;&quot;},&quot;jet_parallax_layout_image_mobile&quot;:{&quot;url&quot;:&quot;&quot;,&quot;id&quot;:&quot;&quot;,&quot;size&quot;:&quot;&quot;},&quot;jet_parallax_layout_type&quot;:&quot;scroll&quot;,&quot;jet_parallax_layout_direction&quot;:null,&quot;jet_parallax_layout_fx_direction&quot;:null,&quot;jet_parallax_layout_z_index&quot;:&quot;&quot;,&quot;jet_parallax_layout_bg_x_tablet&quot;:&quot;&quot;,&quot;jet_parallax_layout_bg_x_mobile&quot;:&quot;&quot;,&quot;jet_parallax_layout_bg_y_tablet&quot;:&quot;&quot;,&quot;jet_parallax_layout_bg_y_mobile&quot;:&quot;&quot;,&quot;jet_parallax_layout_bg_size&quot;:&quot;auto&quot;,&quot;jet_parallax_layout_bg_size_tablet&quot;:&quot;&quot;,&quot;jet_parallax_layout_bg_size_mobile&quot;:&quot;&quot;,&quot;jet_parallax_layout_animation_prop&quot;:&quot;transform&quot;,&quot;jet_parallax_layout_on&quot;:[&quot;desktop&quot;,&quot;tablet&quot;]}],&quot;background_background&quot;:&quot;classic&quot;,&quot;stretch_section&quot;:&quot;section-stretched&quot;}\">\n\t\t\t\t\t\t\t<div class=\"elementor-background-overlay\"><\/div>\n\t\t\t\t\t\t\t<div class=\"elementor-container elementor-column-gap-no\">\n\t\t\t\t\t<div class=\"elementor-column elementor-col-100 elementor-top-column elementor-element elementor-element-b9d2316\" data-id=\"b9d2316\" data-element_type=\"column\">\n\t\t\t<div class=\"elementor-widget-wrap elementor-element-populated\">\n\t\t\t\t\t\t<div class=\"elementor-element elementor-element-c9df542 elementor-widget elementor-widget-slider_revolution\" data-id=\"c9df542\" data-element_type=\"widget\" data-widget_type=\"slider_revolution.default\">\n\t\t\t\t<div class=\"elementor-widget-container\">\n\t\t\t\n\t\t<div class=\"wp-block-themepunch-revslider\">\n\t\t\t<!-- START UTI REVOLUTION SLIDER 6.7.14 --><p class=\"rs-p-wp-fix\"><\/p>\n\t\t\t<rs-module-wrap id=\"rev_slider_7_1_wrapper\" data-source=\"gallery\" style=\"visibility:hidden;background:transparent;padding:0;margin:0px auto;margin-top:0;margin-bottom:0;\">\n\t\t\t\t<rs-module id=\"rev_slider_7_1\" style=\"\" data-version=\"6.7.14\">\n\t\t\t\t\t<rs-slides style=\"overflow: hidden; position: absolute;\">\n\t\t\t\t\t\t<rs-slide style=\"position: absolute;\" data-key=\"rs-29\" data-title=\"Slide\" data-duration=\"5000ms\" data-anim=\"adpr:false;\" data-in=\"o:0;\" data-out=\"a:false;\">\n\t\t\t\t\t\t\t<img fetchpriority=\"high\" decoding=\"async\" src=\"\/\/pharmaciemtl.com\/wp-content\/plugins\/revslider\/sr6\/assets\/assets\/dummy.png\" alt=\"\" title=\"banner-uti\" width=\"849\" height=\"855\" class=\"rev-slidebg tp-rs-img rs-lazyload\" data-lazyload=\"\/\/pharmaciemtl.com\/wp-content\/uploads\/2024\/07\/banner-uti.png\" data-bg=\"p:right center;f:contain;\" data-no-retina>\n<!--\n\t\t\t\t\t\t\t--><rs-layer\n\t\t\t\t\t\t\t\tid=\"slider-7-slide-29-layer-0\" \n\t\t\t\t\t\t\t\tdata-type=\"text\"\n\t\t\t\t\t\t\t\tdata-color=\"#0c0c0c\"\n\t\t\t\t\t\t\t\tdata-rsp_ch=\"on\"\n\t\t\t\t\t\t\t\tdata-xy=\"xo:50px,41px,31px,19px;y:m;\"\n\t\t\t\t\t\t\t\tdata-text=\"w:normal;s:80,75,55,30;l:70,70,55,30;fw:500;\"\n\t\t\t\t\t\t\t\tdata-dim=\"w:720px,684px,519px,215px;\"\n\t\t\t\t\t\t\t\tdata-frame_999=\"o:0;st:w;\"\n\t\t\t\t\t\t\t\tstyle=\"z-index:5;font-family:'Barlow Condensed';\"\n\t\t\t\t\t\t\t>\u00c9valuation  et gestion des  <br \/>\n<span style=\"color: #36CCCA\">infections urinaires chez les femmes<\/span> \n\t\t\t\t\t\t\t<\/rs-layer><!--\n-->\t\t\t\t\t<\/rs-slide>\n\t\t\t\t\t<\/rs-slides>\n\t\t\t\t<\/rs-module>\n\t\t\t\t<script>\n\t\t\t\t\tsetREVStartSize({c: 'rev_slider_7_1',rl:[1240,1024,778,480],el:[600,500,400,250],gw:[1240,1024,778,480],gh:[600,500,400,250],type:'standard',justify:'',layout:'fullwidth',mh:\"0\"});if (window.RS_MODULES!==undefined && window.RS_MODULES.modules!==undefined && window.RS_MODULES.modules[\"revslider71\"]!==undefined) {window.RS_MODULES.modules[\"revslider71\"].once = false;window.revapi7 = undefined;if (window.RS_MODULES.checkMinimal!==undefined) window.RS_MODULES.checkMinimal()}\n\t\t\t\t<\/script>\n\t\t\t<\/rs-module-wrap>\n\t\t\t<!-- END REVOLUTION SLIDER -->\n<\/div>\n\n\t\t\t\t<\/div>\n\t\t\t\t<\/div>\n\t\t\t\t\t<\/div>\n\t\t<\/div>\n\t\t\t\t\t<\/div>\n\t\t<\/section>\n\t\t\t\t<section class=\"elementor-section elementor-top-section elementor-element elementor-element-4bcb611 elementor-section-boxed elementor-section-height-default elementor-section-height-default\" data-id=\"4bcb611\" data-element_type=\"section\" data-settings=\"{&quot;jet_parallax_layout_list&quot;:[{&quot;jet_parallax_layout_image&quot;:{&quot;url&quot;:&quot;&quot;,&quot;id&quot;:&quot;&quot;,&quot;size&quot;:&quot;&quot;},&quot;_id&quot;:&quot;5d2fa6a&quot;,&quot;jet_parallax_layout_speed&quot;:{&quot;unit&quot;:&quot;%&quot;,&quot;size&quot;:&quot;50&quot;,&quot;sizes&quot;:[]},&quot;jet_parallax_layout_bg_x&quot;:&quot;50&quot;,&quot;jet_parallax_layout_bg_y&quot;:&quot;50&quot;,&quot;jet_parallax_layout_image_tablet&quot;:{&quot;url&quot;:&quot;&quot;,&quot;id&quot;:&quot;&quot;,&quot;size&quot;:&quot;&quot;},&quot;jet_parallax_layout_image_mobile&quot;:{&quot;url&quot;:&quot;&quot;,&quot;id&quot;:&quot;&quot;,&quot;size&quot;:&quot;&quot;},&quot;jet_parallax_layout_type&quot;:&quot;scroll&quot;,&quot;jet_parallax_layout_direction&quot;:null,&quot;jet_parallax_layout_fx_direction&quot;:null,&quot;jet_parallax_layout_z_index&quot;:&quot;&quot;,&quot;jet_parallax_layout_bg_x_tablet&quot;:&quot;&quot;,&quot;jet_parallax_layout_bg_x_mobile&quot;:&quot;&quot;,&quot;jet_parallax_layout_bg_y_tablet&quot;:&quot;&quot;,&quot;jet_parallax_layout_bg_y_mobile&quot;:&quot;&quot;,&quot;jet_parallax_layout_bg_size&quot;:&quot;auto&quot;,&quot;jet_parallax_layout_bg_size_tablet&quot;:&quot;&quot;,&quot;jet_parallax_layout_bg_size_mobile&quot;:&quot;&quot;,&quot;jet_parallax_layout_animation_prop&quot;:&quot;transform&quot;,&quot;jet_parallax_layout_on&quot;:[&quot;desktop&quot;,&quot;tablet&quot;]}]}\">\n\t\t\t\t\t\t<div class=\"elementor-container elementor-column-gap-no\">\n\t\t\t\t\t<div class=\"elementor-column elementor-col-100 elementor-top-column elementor-element elementor-element-da6a8b9\" data-id=\"da6a8b9\" data-element_type=\"column\">\n\t\t\t<div class=\"elementor-widget-wrap elementor-element-populated\">\n\t\t\t\t\t\t<section class=\"elementor-section elementor-inner-section elementor-element elementor-element-54f5aa4 elementor-section-boxed elementor-section-height-default elementor-section-height-default\" data-id=\"54f5aa4\" data-element_type=\"section\" data-settings=\"{&quot;jet_parallax_layout_list&quot;:[{&quot;jet_parallax_layout_image&quot;:{&quot;url&quot;:&quot;&quot;,&quot;id&quot;:&quot;&quot;,&quot;size&quot;:&quot;&quot;},&quot;_id&quot;:&quot;34c7c3e&quot;,&quot;jet_parallax_layout_image_tablet&quot;:{&quot;url&quot;:&quot;&quot;,&quot;id&quot;:&quot;&quot;,&quot;size&quot;:&quot;&quot;},&quot;jet_parallax_layout_image_mobile&quot;:{&quot;url&quot;:&quot;&quot;,&quot;id&quot;:&quot;&quot;,&quot;size&quot;:&quot;&quot;},&quot;jet_parallax_layout_speed&quot;:{&quot;unit&quot;:&quot;%&quot;,&quot;size&quot;:50,&quot;sizes&quot;:[]},&quot;jet_parallax_layout_type&quot;:&quot;scroll&quot;,&quot;jet_parallax_layout_direction&quot;:null,&quot;jet_parallax_layout_fx_direction&quot;:null,&quot;jet_parallax_layout_z_index&quot;:&quot;&quot;,&quot;jet_parallax_layout_bg_x&quot;:50,&quot;jet_parallax_layout_bg_x_tablet&quot;:&quot;&quot;,&quot;jet_parallax_layout_bg_x_mobile&quot;:&quot;&quot;,&quot;jet_parallax_layout_bg_y&quot;:50,&quot;jet_parallax_layout_bg_y_tablet&quot;:&quot;&quot;,&quot;jet_parallax_layout_bg_y_mobile&quot;:&quot;&quot;,&quot;jet_parallax_layout_bg_size&quot;:&quot;auto&quot;,&quot;jet_parallax_layout_bg_size_tablet&quot;:&quot;&quot;,&quot;jet_parallax_layout_bg_size_mobile&quot;:&quot;&quot;,&quot;jet_parallax_layout_animation_prop&quot;:&quot;transform&quot;,&quot;jet_parallax_layout_on&quot;:[&quot;desktop&quot;,&quot;tablet&quot;]}]}\">\n\t\t\t\t\t\t<div class=\"elementor-container elementor-column-gap-default\">\n\t\t\t\t\t<div class=\"elementor-column elementor-col-100 elementor-inner-column elementor-element elementor-element-fbb19b3\" data-id=\"fbb19b3\" data-element_type=\"column\">\n\t\t\t<div class=\"elementor-widget-wrap elementor-element-populated\">\n\t\t\t\t\t\t<div class=\"elementor-element elementor-element-61f938a elementor-widget elementor-widget-text-editor\" data-id=\"61f938a\" data-element_type=\"widget\" data-widget_type=\"text-editor.default\">\n\t\t\t\t<div class=\"elementor-widget-container\">\n\t\t\t\t\t\t\t<p>Les infections urinaires (IU) sont des infections bact\u00e9riennes qui affectent couramment le syst\u00e8me urinaire, principalement chez les femmes en raison de leur anatomie. Les sympt\u00f4mes incluent une sensation de br\u00fblure lors de la miction, une envie fr\u00e9quente d&rsquo;uriner, des douleurs abdominales inf\u00e9rieures et parfois la pr\u00e9sence de sang dans l&rsquo;urine. Un traitement rapide est essentiel pour soulager les sympt\u00f4mes et pr\u00e9venir les complications.<\/p><p>Nos pharmaciens exp\u00e9riment\u00e9s offrent un accompagnement expert aux femmes pr\u00e9sentant des sympt\u00f4mes d&rsquo;infection urinaire. Nous offrons un test\u00a0 rapide\u00a0et pouvons aider \u00e0 initier une th\u00e9rapie antibiotique dans des conditions sp\u00e9cifiques, garantissant un soulagement rapide et une gestion efficace de votre infection urinaire.<\/p><p>Pour pr\u00e9venir les infections urinaires, n&rsquo;oubliez pas de :<\/p><ul><li>Bien vous hydrater<\/li><li>\u00c9viter de retenir l&rsquo;urine pendant de longues p\u00e9riodes<\/li><li>Uriner apr\u00e8s chaque rapport sexuel<\/li><li>\u00c9viter de porter des v\u00eatements trop serr\u00e9s qui retiennent l&rsquo;humidit\u00e9<\/li><li>Pratiquer une hygi\u00e8ne appropri\u00e9e (s&rsquo;essuyer d&rsquo;avant en arri\u00e8re)<\/li><li>\u00c9viter les douches vaginales<\/li><li>Changer r\u00e9guli\u00e8rement les tampons ou protections externes pendant les r\u00e8gles<\/li><li>Maintenir des selles r\u00e9guli\u00e8res gr\u00e2ce \u00e0 une alimentation \u00e9quilibr\u00e9e (incluant des l\u00e9gumes, des fruits et des fibres) et \u00e0 l&rsquo;activit\u00e9 physique<\/li><\/ul><p>Veuillez noter que notre consultation offre un accompagnement initial et un soutien, mais ne remplace pas les soins complets et la planification du traitement par votre m\u00e9decin. Nous vous encourageons \u00e0 consulter un m\u00e9decin pour une \u00e9valuation personnalis\u00e9e et une gestion continue de votre infection urinaire. De plus, ce service ne garantit pas la d\u00e9livrance d&rsquo;une ordonnance d&rsquo;antibiotiques.<\/p><p>Pour plus d&rsquo;informations ou pour b\u00e9n\u00e9ficier de notre service , veuillez nous rendre visite ou contacter notre \u00e9quipe de pharmacie. Votre sant\u00e9 et votre bien-\u00eatre sont notre priorit\u00e9 absolue.<\/p>\t\t\t\t\t\t<\/div>\n\t\t\t\t<\/div>\n\t\t\t\t<div class=\"elementor-element elementor-element-018d492 elementor-widget elementor-widget-text-editor\" data-id=\"018d492\" data-element_type=\"widget\" data-widget_type=\"text-editor.default\">\n\t\t\t\t<div class=\"elementor-widget-container\">\n\t\t\t\t\t\t\t<p><strong>* Avis important : <\/strong>Certaines conditions et limitations s&rsquo;appliquent \u00e0 ce service selon la r\u00e9glementation et \u00e0 la discr\u00e9tion du pharmacien.<\/p>\t\t\t\t\t\t<\/div>\n\t\t\t\t<\/div>\n\t\t\t\t\t<\/div>\n\t\t<\/div>\n\t\t\t\t\t<\/div>\n\t\t<\/section>\n\t\t\t\t\t<\/div>\n\t\t<\/div>\n\t\t\t\t\t<\/div>\n\t\t<\/section>\n\t\t\t\t<\/div>\n\t\t","protected":false},"excerpt":{"rendered":"<p>Les infections urinaires (IU) sont des infections bact\u00e9riennes qui affectent couramment le syst\u00e8me urinaire, principalement chez les femmes en raison de leur anatomie. Les sympt\u00f4mes incluent une sensation de br\u00fblure lors de la miction, une envie fr\u00e9quente d&rsquo;uriner, des douleurs abdominales inf\u00e9rieures et parfois la pr\u00e9sence de sang dans l&rsquo;urine. Un traitement rapide est essentiel [&hellip;]<\/p>\n","protected":false},"author":1,"featured_media":0,"parent":0,"menu_order":0,"comment_status":"closed","ping_status":"closed","template":"full-width.php","meta":{"_acf_changed":false,"footnotes":""},"class_list":["post-966","page","type-page","status-publish","hentry"],"acf":[],"yoast_head":"<!-- This site is optimized with the Yoast SEO plugin v23.0 - https:\/\/yoast.com\/wordpress\/plugins\/seo\/ -->\n<title>\u00c9valuation et gestion des infections urinaires chez les femmes - Pharmacie Berge Shater<\/title>\n<meta name=\"description\" content=\"Book your blood test with our nurses.\" \/>\n<meta name=\"robots\" content=\"index, follow, max-snippet:-1, max-image-preview:large, max-video-preview:-1\" \/>\n<link rel=\"canonical\" href=\"https:\/\/pharmaciemtl.com\/fr\/evaluation-et-gestion-des-infections-urinaires-chez-les-femmes\/\" \/>\n<meta property=\"og:locale\" content=\"fr_FR\" \/>\n<meta property=\"og:type\" content=\"article\" \/>\n<meta property=\"og:title\" content=\"\u00c9valuation et gestion des infections urinaires chez les femmes - Pharmacie Berge Shater\" \/>\n<meta property=\"og:description\" content=\"Book your blood test with our nurses.\" \/>\n<meta property=\"og:url\" content=\"https:\/\/pharmaciemtl.com\/fr\/evaluation-et-gestion-des-infections-urinaires-chez-les-femmes\/\" \/>\n<meta property=\"og:site_name\" content=\"Pharmacie Berge Shater\" \/>\n<meta property=\"article:modified_time\" content=\"2024-07-17T19:33:07+00:00\" \/>\n<meta property=\"og:image\" content=\"https:\/\/pharmaciemtl.com\/wp-content\/uploads\/2021\/07\/pharmacie-berge-shater.jpg\" \/>\n\t<meta property=\"og:image:width\" content=\"700\" \/>\n\t<meta property=\"og:image:height\" content=\"700\" \/>\n\t<meta property=\"og:image:type\" content=\"image\/jpeg\" \/>\n<meta name=\"twitter:card\" content=\"summary_large_image\" \/>\n<script type=\"application\/ld+json\" class=\"yoast-schema-graph\">{\"@context\":\"https:\/\/schema.org\",\"@graph\":[{\"@type\":\"WebPage\",\"@id\":\"https:\/\/pharmaciemtl.com\/fr\/evaluation-et-gestion-des-infections-urinaires-chez-les-femmes\/\",\"url\":\"https:\/\/pharmaciemtl.com\/fr\/evaluation-et-gestion-des-infections-urinaires-chez-les-femmes\/\",\"name\":\"\u00c9valuation et gestion des infections urinaires chez les femmes - Pharmacie Berge Shater\",\"isPartOf\":{\"@id\":\"https:\/\/pharmaciemtl.com\/#website\"},\"datePublished\":\"2024-07-15T15:15:52+00:00\",\"dateModified\":\"2024-07-17T19:33:07+00:00\",\"description\":\"Book your blood test with our nurses.\",\"breadcrumb\":{\"@id\":\"https:\/\/pharmaciemtl.com\/fr\/evaluation-et-gestion-des-infections-urinaires-chez-les-femmes\/#breadcrumb\"},\"inLanguage\":\"fr-FR\",\"potentialAction\":[{\"@type\":\"ReadAction\",\"target\":[\"https:\/\/pharmaciemtl.com\/fr\/evaluation-et-gestion-des-infections-urinaires-chez-les-femmes\/\"]}]},{\"@type\":\"BreadcrumbList\",\"@id\":\"https:\/\/pharmaciemtl.com\/fr\/evaluation-et-gestion-des-infections-urinaires-chez-les-femmes\/#breadcrumb\",\"itemListElement\":[{\"@type\":\"ListItem\",\"position\":1,\"name\":\"Home\",\"item\":\"https:\/\/pharmaciemtl.com\/fr\/\"},{\"@type\":\"ListItem\",\"position\":2,\"name\":\"\u00c9valuation et gestion des infections urinaires chez les femmes\"}]},{\"@type\":\"WebSite\",\"@id\":\"https:\/\/pharmaciemtl.com\/#website\",\"url\":\"https:\/\/pharmaciemtl.com\/\",\"name\":\"Pharmacie Berge Shater\",\"description\":\"Personalized service for the whole family\",\"publisher\":{\"@id\":\"https:\/\/pharmaciemtl.com\/#organization\"},\"potentialAction\":[{\"@type\":\"SearchAction\",\"target\":{\"@type\":\"EntryPoint\",\"urlTemplate\":\"https:\/\/pharmaciemtl.com\/?s={search_term_string}\"},\"query-input\":\"required name=search_term_string\"}],\"inLanguage\":\"fr-FR\"},{\"@type\":\"Organization\",\"@id\":\"https:\/\/pharmaciemtl.com\/#organization\",\"name\":\"Pharmacie Berge Shater\",\"url\":\"https:\/\/pharmaciemtl.com\/\",\"logo\":{\"@type\":\"ImageObject\",\"inLanguage\":\"fr-FR\",\"@id\":\"https:\/\/pharmaciemtl.com\/#\/schema\/logo\/image\/\",\"url\":\"https:\/\/pharmaciemtl.com\/wp-content\/uploads\/2021\/05\/logo.png\",\"contentUrl\":\"https:\/\/pharmaciemtl.com\/wp-content\/uploads\/2021\/05\/logo.png\",\"width\":1251,\"height\":513,\"caption\":\"Pharmacie Berge Shater\"},\"image\":{\"@id\":\"https:\/\/pharmaciemtl.com\/#\/schema\/logo\/image\/\"}}]}<\/script>\n<!-- \/ Yoast SEO plugin. -->","yoast_head_json":{"title":"\u00c9valuation et gestion des infections urinaires chez les femmes - Pharmacie Berge Shater","description":"Book your blood test with our nurses.","robots":{"index":"index","follow":"follow","max-snippet":"max-snippet:-1","max-image-preview":"max-image-preview:large","max-video-preview":"max-video-preview:-1"},"canonical":"https:\/\/pharmaciemtl.com\/fr\/evaluation-et-gestion-des-infections-urinaires-chez-les-femmes\/","og_locale":"fr_FR","og_type":"article","og_title":"\u00c9valuation et gestion des infections urinaires chez les femmes - Pharmacie Berge Shater","og_description":"Book your blood test with our nurses.","og_url":"https:\/\/pharmaciemtl.com\/fr\/evaluation-et-gestion-des-infections-urinaires-chez-les-femmes\/","og_site_name":"Pharmacie Berge Shater","article_modified_time":"2024-07-17T19:33:07+00:00","og_image":[{"width":700,"height":700,"url":"https:\/\/pharmaciemtl.com\/wp-content\/uploads\/2021\/07\/pharmacie-berge-shater.jpg","type":"image\/jpeg"}],"twitter_card":"summary_large_image","schema":{"@context":"https:\/\/schema.org","@graph":[{"@type":"WebPage","@id":"https:\/\/pharmaciemtl.com\/fr\/evaluation-et-gestion-des-infections-urinaires-chez-les-femmes\/","url":"https:\/\/pharmaciemtl.com\/fr\/evaluation-et-gestion-des-infections-urinaires-chez-les-femmes\/","name":"\u00c9valuation et gestion des infections urinaires chez les femmes - Pharmacie Berge Shater","isPartOf":{"@id":"https:\/\/pharmaciemtl.com\/#website"},"datePublished":"2024-07-15T15:15:52+00:00","dateModified":"2024-07-17T19:33:07+00:00","description":"Book your blood test with our nurses.","breadcrumb":{"@id":"https:\/\/pharmaciemtl.com\/fr\/evaluation-et-gestion-des-infections-urinaires-chez-les-femmes\/#breadcrumb"},"inLanguage":"fr-FR","potentialAction":[{"@type":"ReadAction","target":["https:\/\/pharmaciemtl.com\/fr\/evaluation-et-gestion-des-infections-urinaires-chez-les-femmes\/"]}]},{"@type":"BreadcrumbList","@id":"https:\/\/pharmaciemtl.com\/fr\/evaluation-et-gestion-des-infections-urinaires-chez-les-femmes\/#breadcrumb","itemListElement":[{"@type":"ListItem","position":1,"name":"Home","item":"https:\/\/pharmaciemtl.com\/fr\/"},{"@type":"ListItem","position":2,"name":"\u00c9valuation et gestion des infections urinaires chez les femmes"}]},{"@type":"WebSite","@id":"https:\/\/pharmaciemtl.com\/#website","url":"https:\/\/pharmaciemtl.com\/","name":"Pharmacie Berge Shater","description":"Personalized service for the whole family","publisher":{"@id":"https:\/\/pharmaciemtl.com\/#organization"},"potentialAction":[{"@type":"SearchAction","target":{"@type":"EntryPoint","urlTemplate":"https:\/\/pharmaciemtl.com\/?s={search_term_string}"},"query-input":"required name=search_term_string"}],"inLanguage":"fr-FR"},{"@type":"Organization","@id":"https:\/\/pharmaciemtl.com\/#organization","name":"Pharmacie Berge Shater","url":"https:\/\/pharmaciemtl.com\/","logo":{"@type":"ImageObject","inLanguage":"fr-FR","@id":"https:\/\/pharmaciemtl.com\/#\/schema\/logo\/image\/","url":"https:\/\/pharmaciemtl.com\/wp-content\/uploads\/2021\/05\/logo.png","contentUrl":"https:\/\/pharmaciemtl.com\/wp-content\/uploads\/2021\/05\/logo.png","width":1251,"height":513,"caption":"Pharmacie Berge Shater"},"image":{"@id":"https:\/\/pharmaciemtl.com\/#\/schema\/logo\/image\/"}}]}},"_links":{"self":[{"href":"https:\/\/pharmaciemtl.com\/fr\/wp-json\/wp\/v2\/pages\/966","targetHints":{"allow":["GET"]}}],"collection":[{"href":"https:\/\/pharmaciemtl.com\/fr\/wp-json\/wp\/v2\/pages"}],"about":[{"href":"https:\/\/pharmaciemtl.com\/fr\/wp-json\/wp\/v2\/types\/page"}],"author":[{"embeddable":true,"href":"https:\/\/pharmaciemtl.com\/fr\/wp-json\/wp\/v2\/users\/1"}],"replies":[{"embeddable":true,"href":"https:\/\/pharmaciemtl.com\/fr\/wp-json\/wp\/v2\/comments?post=966"}],"version-history":[{"count":9,"href":"https:\/\/pharmaciemtl.com\/fr\/wp-json\/wp\/v2\/pages\/966\/revisions"}],"predecessor-version":[{"id":1085,"href":"https:\/\/pharmaciemtl.com\/fr\/wp-json\/wp\/v2\/pages\/966\/revisions\/1085"}],"wp:attachment":[{"href":"https:\/\/pharmaciemtl.com\/fr\/wp-json\/wp\/v2\/media?parent=966"}],"curies":[{"name":"wp","href":"https:\/\/api.w.org\/{rel}","templated":true}]}}